{"id":929,"date":"2025-04-17T08:11:58","date_gmt":"2025-04-17T08:11:58","guid":{"rendered":"https:\/\/musing-jang.195-220-216-61.plesk.page\/?page_id=929"},"modified":"2025-12-05T16:03:22","modified_gmt":"2025-12-05T16:03:22","slug":"ressourcesoutils","status":"publish","type":"page","link":"https:\/\/sipr.sorbonne-universite.fr\/index.php\/ressourcesoutils\/","title":{"rendered":"Plateformes et outils"},"content":{"rendered":"\t\t<div data-elementor-type=\"wp-page\" data-elementor-id=\"929\" class=\"elementor elementor-929\" data-elementor-post-type=\"page\">\n\t\t\t\t<div class=\"elementor-element elementor-element-8b21932 e-flex e-con-boxed e-con e-parent\" data-id=\"8b21932\" data-element_type=\"container\" data-e-type=\"container\">\n\t\t\t\t\t<div class=\"e-con-inner\">\n\t\t<div class=\"elementor-element elementor-element-12a1003 e-con-full e-flex e-con e-child\" data-id=\"12a1003\" data-element_type=\"container\" data-e-type=\"container\">\n\t\t\t\t<div class=\"elementor-element elementor-element-b2d7fdf elementor-grid-3 elementor-grid-tablet-2 elementor-grid-mobile-1 elementor-posts--thumbnail-top elementor-card-shadow-yes elementor-posts__hover-gradient elementor-widget elementor-widget-posts\" data-id=\"b2d7fdf\" data-element_type=\"widget\" data-e-type=\"widget\" data-settings=\"{&quot;cards_columns&quot;:&quot;3&quot;,&quot;cards_columns_tablet&quot;:&quot;2&quot;,&quot;cards_columns_mobile&quot;:&quot;1&quot;,&quot;cards_row_gap&quot;:{&quot;unit&quot;:&quot;px&quot;,&quot;size&quot;:35,&quot;sizes&quot;:[]},&quot;cards_row_gap_tablet&quot;:{&quot;unit&quot;:&quot;px&quot;,&quot;size&quot;:&quot;&quot;,&quot;sizes&quot;:[]},&quot;cards_row_gap_mobile&quot;:{&quot;unit&quot;:&quot;px&quot;,&quot;size&quot;:&quot;&quot;,&quot;sizes&quot;:[]}}\" data-widget_type=\"posts.cards\">\n\t\t\t\t<div class=\"elementor-widget-container\">\n\t\t\t\t\t\t\t<div class=\"elementor-posts-container elementor-posts elementor-posts--skin-cards elementor-grid\" role=\"list\">\n\t\t\t\t<article class=\"elementor-post elementor-grid-item post-1726 post type-post status-publish format-standard has-post-thumbnail hentry category-accens category-applis\" role=\"listitem\">\n\t\t\t<div class=\"elementor-post__card\">\n\t\t\t\t<a class=\"elementor-post__thumbnail__link\" href=\"https:\/\/sipr.sorbonne-universite.fr\/index.php\/2025\/07\/24\/le-guide-des-outils-numeriques-de-sorbonne-universite\/\" tabindex=\"-1\" target=\"_blank\"><div class=\"elementor-post__thumbnail\"><img decoding=\"async\" width=\"150\" height=\"150\" src=\"https:\/\/sipr.sorbonne-universite.fr\/wp-content\/uploads\/2025\/04\/guideoutils224-e1744880531597-150x150.png\" class=\"attachment-thumbnail size-thumbnail wp-image-948\" alt=\"\" \/><\/div><\/a>\n\t\t\t\t<div class=\"elementor-post__text\">\n\t\t\t\t<h3 class=\"elementor-post__title\">\n\t\t\t<a href=\"https:\/\/sipr.sorbonne-universite.fr\/index.php\/2025\/07\/24\/le-guide-des-outils-numeriques-de-sorbonne-universite\/\" target=&quot;_blank&quot;>\n\t\t\t\tLe guide des outils num\u00e9riques de Sorbonne Universit\u00e9\t\t\t<\/a>\n\t\t<\/h3>\n\t\t\t\t<div class=\"elementor-post__excerpt\">\n\t\t\t<p>Class\u00e9s par verbes d&rsquo;action \u2013 comme se connecter, communiquer, collaborer, animer un cours ou se<\/p>\n\t\t<\/div>\n\t\t\t\t\t<div class=\"elementor-post__read-more-wrapper\">\n\t\t\n\t\t<a class=\"elementor-post__read-more\" href=\"https:\/\/sipr.sorbonne-universite.fr\/index.php\/2025\/07\/24\/le-guide-des-outils-numeriques-de-sorbonne-universite\/\" aria-label=\"En savoir plus sur Le guide des outils num\u00e9riques de Sorbonne Universit\u00e9\" tabindex=\"-1\" target=\"_blank\">\n\t\t\tLire la suite \u00bb\t\t<\/a>\n\n\t\t\t\t\t<\/div>\n\t\t\t\t<\/div>\n\t\t\t\t\t<\/div>\n\t\t<\/article>\n\t\t\t\t<\/div>\n\t\t\n\t\t\t\t\t\t<\/div>\n\t\t\t\t<\/div>\n\t\t\t\t<\/div>\n\t\t\t\t\t<\/div>\n\t\t\t\t<\/div>\n\t\t<div class=\"elementor-element elementor-element-4549a0f e-flex e-con-boxed e-con e-parent\" data-id=\"4549a0f\" data-element_type=\"container\" data-e-type=\"container\">\n\t\t\t\t\t<div class=\"e-con-inner\">\n\t\t<div class=\"elementor-element elementor-element-d80194d e-con-full e-flex e-con e-child\" data-id=\"d80194d\" data-element_type=\"container\" data-e-type=\"container\">\n\t\t\t\t<div class=\"elementor-element elementor-element-6f1585c elementor-widget elementor-widget-text-editor\" data-id=\"6f1585c\" data-element_type=\"widget\" data-e-type=\"widget\" data-widget_type=\"text-editor.default\">\n\t\t\t\t<div class=\"elementor-widget-container\">\n\t\t\t\t\t\t\t\t\t<h1>Moodle et outils associ\u00e9s<\/h1><p><a href=\"https:\/\/moodle-lettres-25.sorbonne-universite.fr\/\">Moodle<\/a> est la plateforme d&rsquo;enseignement de l&rsquo;universit\u00e9. Elle permet de cr\u00e9er des cours interactifs, de g\u00e9rer les contenus p\u00e9dagogiques, de suivre les progr\u00e8s des \u00e9tudiantes et \u00e9tudiants et de favoriser la collaboration via des forums, des quizz, des devoirs ou des activit\u00e9s en ligne.\u00a0<\/p><h3>BigBlueButton<\/h3><p>Int\u00e9gr\u00e9 \u00e0 Moodle, BigBlueButton est un outil de visioconf\u00e9rence con\u00e7u pour l\u2019enseignement.<br \/>Il permet d\u2019organiser des classes virtuelles interactives avec partage d\u2019\u00e9cran, tableau blanc, et enregistrement des sessions.<\/p><h3>Compilatio<\/h3><p>Compilatio est un logiciel de d\u00e9tection de similitudes textuelles.<\/p><div>Int\u00e9gr\u00e9 \u00e0 Moodle, il aide \u00e0 pr\u00e9venir le plagiat et \u00e0 sensibiliser les \u00e9tudiants \u00e0 la citation des sources.<\/div><div>Il peut \u00eatre utilis\u00e9 sur l&rsquo;ensemble des documents t\u00e9l\u00e9charg\u00e9s par les \u00e9tudiants dans l&rsquo;activit\u00e9 devoir.<\/div><h3>Panopto<\/h3><p>Panopto, int\u00e9gr\u00e9 \u00e0 Moodle, est un outil d&rsquo;enregistrement, d\u2019h\u00e9bergement et de diffusion de capsules vid\u00e9o p\u00e9dagogiques.<br \/>Il facilite la production de contenus multim\u00e9dias pour l\u2019enseignement \u00e0 distance ou hybride.<\/p><h3>Wooclap<\/h3><div><a href=\"https:\/\/ent.sorbonne-universite.fr\/lettres-personnels\/fr\/din\/moodle-et-outils\/wooclap.html\">Wooclap<\/a> est une plateforme innovante qui vous permet de cr\u00e9er des questionnaires interactifs afin d&rsquo;engager et d&rsquo;\u00e9valuer votre public de mani\u00e8re dynamique lors de vos cours, r\u00e9unions ou conf\u00e9rences.<\/div><div>\u00a0<\/div><h1>LimeSurvey<\/h1><div><a href=\"https:\/\/limesurvey-lettres.sorbonne-universite.fr\/index.php\/\">LimeSurvey<\/a> permet la cr\u00e9ation de questionnaires en ligne pour des enqu\u00eates p\u00e9dagogiques, scientifiques ou administratives.<br \/>Il est accessible \u00e0 l\u2019ensemble des personnels de la facult\u00e9.<br \/>On pourra d\u00e9velopper c&rsquo;est plus que \u00e7a<\/div><div>\u00a0<\/div><h1>H\u00e9bergement de sites web<\/h1><div><p>Nous proposons un service d\u2019h\u00e9bergement de sites web \u00e0 destination des laboratoires et des unit\u00e9s de recherche de la Facult\u00e9 des Lettres.<br \/>Ce service met \u00e0 disposition un espace web pour l&rsquo;h\u00e9bergement du CMS (syst\u00e8me de gestion de contenu) WordPress.<\/p><p>Un th\u00e8me int\u00e9grant la charte graphique de Sorbonne Universit\u00e9 est install\u00e9 comme point de d\u00e9part.<br \/>Vous pourrez ensuite personnaliser le design et la structure du site, publier des pages ou des articles \u00e0 l\u2019aide de l\u2019\u00e9diteur int\u00e9gr\u00e9 et g\u00e9rer des utilisateurs.<\/p><p>L\u2019\u00e9quipe informatique assure l\u2019accompagnement \u00e0 la mise en place du service (gestion du nom de domaine, installation des certificats SSL, cr\u00e9ation des bases de donn\u00e9es, l\u2019acc\u00e8s \u00e0 des outils de sauvegarde).<\/p><p>Pour toute demande de cr\u00e9ation de site, vous pouvez ouvrir un ticket via le menu contact en pied de page.<\/p><\/div><p>\u00a0et outils<\/p>\t\t\t\t\t\t\t\t<\/div>\n\t\t\t\t<\/div>\n\t\t\t\t<\/div>\n\t\t\t\t\t<\/div>\n\t\t\t\t<\/div>\n\t\t\t\t<\/div>\n\t\t","protected":false},"excerpt":{"rendered":"<p>Moodle et outils associ\u00e9s Moodle est la plateforme d&rsquo;enseignement de l&rsquo;universit\u00e9. Elle permet de cr\u00e9er des cours interactifs, de g\u00e9rer les contenus p\u00e9dagogiques, de suivre les progr\u00e8s des \u00e9tudiantes et [&hellip;]<\/p>\n","protected":false},"author":2,"featured_media":0,"parent":0,"menu_order":2,"comment_status":"closed","ping_status":"closed","template":"elementor_theme","meta":{"_acf_changed":false,"footnotes":""},"class_list":["post-929","page","type-page","status-publish","hentry"],"acf":[],"_links":{"self":[{"href":"https:\/\/sipr.sorbonne-universite.fr\/index.php\/wp-json\/wp\/v2\/pages\/929","targetHints":{"allow":["GET"]}}],"collection":[{"href":"https:\/\/sipr.sorbonne-universite.fr\/index.php\/wp-json\/wp\/v2\/pages"}],"about":[{"href":"https:\/\/sipr.sorbonne-universite.fr\/index.php\/wp-json\/wp\/v2\/types\/page"}],"author":[{"embeddable":true,"href":"https:\/\/sipr.sorbonne-universite.fr\/index.php\/wp-json\/wp\/v2\/users\/2"}],"replies":[{"embeddable":true,"href":"https:\/\/sipr.sorbonne-universite.fr\/index.php\/wp-json\/wp\/v2\/comments?post=929"}],"version-history":[{"count":19,"href":"https:\/\/sipr.sorbonne-universite.fr\/index.php\/wp-json\/wp\/v2\/pages\/929\/revisions"}],"predecessor-version":[{"id":1912,"href":"https:\/\/sipr.sorbonne-universite.fr\/index.php\/wp-json\/wp\/v2\/pages\/929\/revisions\/1912"}],"wp:attachment":[{"href":"https:\/\/sipr.sorbonne-universite.fr\/index.php\/wp-json\/wp\/v2\/media?parent=929"}],"curies":[{"name":"wp","href":"https:\/\/api.w.org\/{rel}","templated":true}]}}