{"id":928,"date":"2025-04-17T08:11:17","date_gmt":"2025-04-17T08:11:17","guid":{"rendered":"https:\/\/musing-jang.195-220-216-61.plesk.page\/?page_id=928"},"modified":"2025-07-21T12:56:52","modified_gmt":"2025-07-21T12:56:52","slug":"ressourcestutos","status":"publish","type":"page","link":"https:\/\/sipr.sorbonne-universite.fr\/index.php\/ressourcestutos\/","title":{"rendered":"Tutos"},"content":{"rendered":"\t\t<div data-elementor-type=\"wp-page\" data-elementor-id=\"928\" class=\"elementor elementor-928\" data-elementor-post-type=\"page\">\n\t\t\t\t<div class=\"elementor-element elementor-element-4549a0f e-flex e-con-boxed e-con e-parent\" data-id=\"4549a0f\" data-element_type=\"container\" data-e-type=\"container\">\n\t\t\t\t\t<div class=\"e-con-inner\">\n\t\t\t\t<div class=\"elementor-element elementor-element-85f1764 bdt-lg-col-2 bdt-logo-grid--box bdt-lg-col--tablet2 bdt-lg-col--mobile2 elementor-widget elementor-widget-bdt-logo-grid\" data-id=\"85f1764\" data-element_type=\"widget\" data-e-type=\"widget\" data-widget_type=\"bdt-logo-grid.default\">\n\t\t\t\t<div class=\"elementor-widget-container\">\n\t\t\t\t\t\t\t<div class=\"bdt-logo-grid-wrapper\">\n\t\t\t\t\t\t\t<a class=\"bdt-item bdt-logo-grid-link bdt-tippy-tooltip\" data-tippy-content=\"&lt;span class=&quot;bdt-title&quot;&gt;Enseignantes et enseignants&lt;\/span&gt;Les tutos destin\u00e9es aux enseignantes et aux enseignants\" href=\"https:\/\/moodle-lettres-25.sorbonne-universite.fr\/course\/index.php?categoryid=224\" target=\"_blank\" data-tippy=\"\" data-tippy-placement=\"top\" data-tippy-animation=\"shift-toward\" data-tippy-arrow=\"false\">\n\t\t\t\t\t<figure class=\"bdt-logo-grid-figure\">\n\t\t\t\t\t\t<img decoding=\"async\" width=\"150\" height=\"150\" src=\"https:\/\/sipr.sorbonne-universite.fr\/wp-content\/uploads\/2025\/04\/ChatGPT-Image-15-avr.-2025-12_08_16-150x150.png\" class=\"bdt-logo-grid-img elementor-animation-\" alt=\"Enseignantes et enseignants : Les tutos destin\u00e9es aux enseignantes et aux enseignants\" \/>\t\t\t\t\t<\/figure>\n\t\t\t\t<\/a>\n\t\t\t\t\t\t\t<a class=\"bdt-item bdt-logo-grid-link bdt-tippy-tooltip\" data-tippy-content=\"&lt;span class=&quot;bdt-title&quot;&gt;Etudiantes et \u00e9tudiants&lt;\/span&gt;Les tutos destin\u00e9es aux \u00e9tudiantes et aux \u00e9tudiants\" href=\"https:\/\/moodle-lettres-25.sorbonne-universite.fr\/course\/index.php?categoryid=223\" target=\"_blank\" data-tippy=\"\" data-tippy-placement=\"top\" data-tippy-animation=\"shift-toward\" data-tippy-arrow=\"false\">\n\t\t\t\t\t<figure class=\"bdt-logo-grid-figure bdt-logo-grid-figure\">\n\t\t\t\t\t\t<img decoding=\"async\" width=\"150\" height=\"150\" src=\"https:\/\/sipr.sorbonne-universite.fr\/wp-content\/uploads\/2025\/04\/PermanencesETU224-150x150.jpg\" class=\"bdt-logo-grid-img elementor-animation-\" alt=\"Etudiantes et \u00e9tudiants : Les tutos destin\u00e9es aux \u00e9tudiantes et aux \u00e9tudiants\" srcset=\"https:\/\/sipr.sorbonne-universite.fr\/wp-content\/uploads\/2025\/04\/PermanencesETU224-150x150.jpg 150w, https:\/\/sipr.sorbonne-universite.fr\/wp-content\/uploads\/2025\/04\/PermanencesETU224.jpg 224w\" sizes=\"(max-width: 150px) 100vw, 150px\" \/>\t\t\t\t\t<\/figure>\n\t\t\t\t<\/a>\n\t\t\t\t\t<\/div>\n\t\t\t\t\t\t<\/div>\n\t\t\t\t<\/div>\n\t\t\t\t\t<\/div>\n\t\t\t\t<\/div>\n\t\t\t\t<\/div>\n\t\t","protected":false},"excerpt":{"rendered":"","protected":false},"author":2,"featured_media":0,"parent":0,"menu_order":2,"comment_status":"closed","ping_status":"closed","template":"elementor_theme","meta":{"_acf_changed":false,"footnotes":""},"class_list":["post-928","page","type-page","status-publish","hentry"],"acf":[],"_links":{"self":[{"href":"https:\/\/sipr.sorbonne-universite.fr\/index.php\/wp-json\/wp\/v2\/pages\/928","targetHints":{"allow":["GET"]}}],"collection":[{"href":"https:\/\/sipr.sorbonne-universite.fr\/index.php\/wp-json\/wp\/v2\/pages"}],"about":[{"href":"https:\/\/sipr.sorbonne-universite.fr\/index.php\/wp-json\/wp\/v2\/types\/page"}],"author":[{"embeddable":true,"href":"https:\/\/sipr.sorbonne-universite.fr\/index.php\/wp-json\/wp\/v2\/users\/2"}],"replies":[{"embeddable":true,"href":"https:\/\/sipr.sorbonne-universite.fr\/index.php\/wp-json\/wp\/v2\/comments?post=928"}],"version-history":[{"count":10,"href":"https:\/\/sipr.sorbonne-universite.fr\/index.php\/wp-json\/wp\/v2\/pages\/928\/revisions"}],"predecessor-version":[{"id":1711,"href":"https:\/\/sipr.sorbonne-universite.fr\/index.php\/wp-json\/wp\/v2\/pages\/928\/revisions\/1711"}],"wp:attachment":[{"href":"https:\/\/sipr.sorbonne-universite.fr\/index.php\/wp-json\/wp\/v2\/media?parent=928"}],"curies":[{"name":"wp","href":"https:\/\/api.w.org\/{rel}","templated":true}]}}