{"id":925,"date":"2025-04-17T08:10:04","date_gmt":"2025-04-17T08:10:04","guid":{"rendered":"https:\/\/musing-jang.195-220-216-61.plesk.page\/?page_id=925"},"modified":"2025-12-05T16:03:48","modified_gmt":"2025-12-05T16:03:48","slug":"ressourcesstudio","status":"publish","type":"page","link":"https:\/\/sipr.sorbonne-universite.fr\/index.php\/ressourcesstudio\/","title":{"rendered":"Studio d&rsquo;enregistrement"},"content":{"rendered":"\t\t<div data-elementor-type=\"wp-page\" data-elementor-id=\"925\" class=\"elementor elementor-925\" data-elementor-post-type=\"page\">\n\t\t\t\t<div class=\"elementor-element elementor-element-4549a0f e-flex e-con-boxed e-con e-parent\" data-id=\"4549a0f\" data-element_type=\"container\" data-e-type=\"container\">\n\t\t\t\t\t<div class=\"e-con-inner\">\n\t\t\t\t<div class=\"elementor-element elementor-element-c466ad6 elementor-widget elementor-widget-image\" data-id=\"c466ad6\" data-element_type=\"widget\" data-e-type=\"widget\" data-widget_type=\"image.default\">\n\t\t\t\t<div class=\"elementor-widget-container\">\n\t\t\t\t\t\t\t\t\t\t\t\t\t\t\t<img fetchpriority=\"high\" decoding=\"async\" width=\"602\" height=\"129\" src=\"https:\/\/sipr.sorbonne-universite.fr\/wp-content\/uploads\/2025\/04\/studio.png\" class=\"attachment-large size-large wp-image-933\" alt=\"\" srcset=\"https:\/\/sipr.sorbonne-universite.fr\/wp-content\/uploads\/2025\/04\/studio.png 602w, https:\/\/sipr.sorbonne-universite.fr\/wp-content\/uploads\/2025\/04\/studio-300x64.png 300w\" sizes=\"(max-width: 602px) 100vw, 602px\" \/>\t\t\t\t\t\t\t\t\t\t\t\t\t\t\t<\/div>\n\t\t\t\t<\/div>\n\t\t<div class=\"elementor-element elementor-element-5df03e1 e-con-full e-flex e-con e-child\" data-id=\"5df03e1\" data-element_type=\"container\" data-e-type=\"container\">\n\t\t\t\t<div class=\"elementor-element elementor-element-7529a8d elementor-widget elementor-widget-text-editor\" data-id=\"7529a8d\" data-element_type=\"widget\" data-e-type=\"widget\" data-widget_type=\"text-editor.default\">\n\t\t\t\t<div class=\"elementor-widget-container\">\n\t\t\t\t\t\t\t\t\t<div class=\"abstract-edition\" data-ametys-metadata=\"defaultWebContent:\/\/835285d0-e3cd-4879-ab29-126b529d47a3;abstract\"><p class=\"introduction\">Le Service Informatique pour la P\u00e9dagogie et la Recherche met \u00e0 disposition du personnel enseignant un studio d\u2019enregistrement d\u00e9di\u00e9 \u00e0 la r\u00e9alisation de capsules vid\u00e9os p\u00e9dagogiques.<\/p><\/div><div class=\"content-edition\" data-ametys-metadata=\"defaultWebContent:\/\/835285d0-e3cd-4879-ab29-126b529d47a3;content\"><p>Le studio dispose d<em>\u2019<\/em>un mat\u00e9riel de tournage complet : fond noir, \u00e9clairage \u00e0 lumi\u00e8res LED, cam\u00e9ra professionnelle, bureau pour l<em>\u2019<\/em>enseignant avec tablette graphique, liseuse et microphone pour une prise de son optimale. Diff\u00e9rentes configurations sont possibles, ainsi vous pourrez projeter de la vid\u00e9o, des textes, audios, vid\u00e9os, documents, cartes, illustrations, graphies\u2026<\/p><\/div>\t\t\t\t\t\t\t\t<\/div>\n\t\t\t\t<\/div>\n\t\t\t\t<\/div>\n\t\t\t\t\t<\/div>\n\t\t\t\t<\/div>\n\t\t<div class=\"elementor-element elementor-element-6595842 e-flex e-con-boxed e-con e-parent\" data-id=\"6595842\" data-element_type=\"container\" data-e-type=\"container\">\n\t\t\t\t\t<div class=\"e-con-inner\">\n\t\t<div class=\"elementor-element elementor-element-a8146b6 e-con-full e-flex e-con e-child\" data-id=\"a8146b6\" data-element_type=\"container\" data-e-type=\"container\">\n\t\t\t\t<div class=\"elementor-element elementor-element-6e53959 elementor-widget elementor-widget-image\" data-id=\"6e53959\" data-element_type=\"widget\" data-e-type=\"widget\" data-widget_type=\"image.default\">\n\t\t\t\t<div class=\"elementor-widget-container\">\n\t\t\t\t\t\t\t\t\t\t\t\t\t\t\t<img decoding=\"async\" width=\"300\" height=\"169\" src=\"https:\/\/sipr.sorbonne-universite.fr\/wp-content\/uploads\/2025\/04\/20221108_112626-300x169.jpg\" class=\"attachment-medium size-medium wp-image-935\" alt=\"\" srcset=\"https:\/\/sipr.sorbonne-universite.fr\/wp-content\/uploads\/2025\/04\/20221108_112626-300x169.jpg 300w, https:\/\/sipr.sorbonne-universite.fr\/wp-content\/uploads\/2025\/04\/20221108_112626-1024x577.jpg 1024w, https:\/\/sipr.sorbonne-universite.fr\/wp-content\/uploads\/2025\/04\/20221108_112626-768x432.jpg 768w, https:\/\/sipr.sorbonne-universite.fr\/wp-content\/uploads\/2025\/04\/20221108_112626-1536x865.jpg 1536w, https:\/\/sipr.sorbonne-universite.fr\/wp-content\/uploads\/2025\/04\/20221108_112626-2048x1153.jpg 2048w\" sizes=\"(max-width: 300px) 100vw, 300px\" \/>\t\t\t\t\t\t\t\t\t\t\t\t\t\t\t<\/div>\n\t\t\t\t<\/div>\n\t\t\t\t<\/div>\n\t\t<div class=\"elementor-element elementor-element-b4e3f6c e-con-full e-flex e-con e-child\" data-id=\"b4e3f6c\" data-element_type=\"container\" data-e-type=\"container\">\n\t\t\t\t<div class=\"elementor-element elementor-element-ab900b0 elementor-widget elementor-widget-image\" data-id=\"ab900b0\" data-element_type=\"widget\" data-e-type=\"widget\" data-widget_type=\"image.default\">\n\t\t\t\t<div class=\"elementor-widget-container\">\n\t\t\t\t\t\t\t\t\t\t\t\t\t\t\t<img decoding=\"async\" width=\"300\" height=\"169\" src=\"https:\/\/sipr.sorbonne-universite.fr\/wp-content\/uploads\/2025\/04\/20221108_112350-300x169.jpg\" class=\"attachment-medium size-medium wp-image-934\" alt=\"\" srcset=\"https:\/\/sipr.sorbonne-universite.fr\/wp-content\/uploads\/2025\/04\/20221108_112350-300x169.jpg 300w, https:\/\/sipr.sorbonne-universite.fr\/wp-content\/uploads\/2025\/04\/20221108_112350-1024x577.jpg 1024w, https:\/\/sipr.sorbonne-universite.fr\/wp-content\/uploads\/2025\/04\/20221108_112350-768x432.jpg 768w, https:\/\/sipr.sorbonne-universite.fr\/wp-content\/uploads\/2025\/04\/20221108_112350-1536x865.jpg 1536w, https:\/\/sipr.sorbonne-universite.fr\/wp-content\/uploads\/2025\/04\/20221108_112350-2048x1153.jpg 2048w\" sizes=\"(max-width: 300px) 100vw, 300px\" \/>\t\t\t\t\t\t\t\t\t\t\t\t\t\t\t<\/div>\n\t\t\t\t<\/div>\n\t\t\t\t<\/div>\n\t\t\t\t\t<\/div>\n\t\t\t\t<\/div>\n\t\t<div class=\"elementor-element elementor-element-7641c53 e-flex e-con-boxed e-con e-parent\" data-id=\"7641c53\" data-element_type=\"container\" data-e-type=\"container\">\n\t\t\t\t\t<div class=\"e-con-inner\">\n\t\t<div class=\"elementor-element elementor-element-069ca25 e-con-full e-flex e-con e-child\" data-id=\"069ca25\" data-element_type=\"container\" data-e-type=\"container\">\n\t\t\t\t<div class=\"elementor-element elementor-element-7d58eb2 elementor-widget elementor-widget-text-editor\" data-id=\"7d58eb2\" data-element_type=\"widget\" data-e-type=\"widget\" data-widget_type=\"text-editor.default\">\n\t\t\t\t<div class=\"elementor-widget-container\">\n\t\t\t\t\t\t\t\t\t<p>Le studio peut \u00e9galement \u00eatre mobile afin de faire des captations \u00e0 l\u2019ext\u00e9rieur : interviews, illustrations vid\u00e9o\u2026<\/p><p>Une \u00e9quipe qualifi\u00e9e et agr\u00e9able vous accompagnera dans la r\u00e9alisation de vos projets et dans la prise en main des outils et du mat\u00e9riel. Elle pourra \u00e9galement penser ou repenser vos id\u00e9es ou \u00e9bauches, afin d\u2019adapter la vid\u00e9o \u00e0 votre cible et aux objectifs p\u00e9dagogiques pr\u00e9alablement discut\u00e9s et fix\u00e9s.<\/p><p>Pour toute demande de conception vid\u00e9o (r\u00e9serv\u00e9 aux personnels de la facult\u00e9 des lettres de Sorbonne Universit\u00e9), nous vous invitons \u00e0 remplir le <a href=\"https:\/\/ent.sorbonne-universite.fr\/lettres-personnels\/fr\/din\/studio-d-enregistrement.html\">formulaire de demande de conception d\u2019une vid\u00e9o disponible sur l&rsquo;ENT<\/a> .<\/p>\t\t\t\t\t\t\t\t<\/div>\n\t\t\t\t<\/div>\n\t\t\t\t<\/div>\n\t\t\t\t\t<\/div>\n\t\t\t\t<\/div>\n\t\t<div class=\"elementor-element elementor-element-b40506c e-flex e-con-boxed e-con e-parent\" data-id=\"b40506c\" data-element_type=\"container\" data-e-type=\"container\">\n\t\t\t\t\t<div class=\"e-con-inner\">\n\t\t\t\t<div class=\"elementor-element elementor-element-c646859 elementor-widget elementor-widget-heading\" data-id=\"c646859\" data-element_type=\"widget\" data-e-type=\"widget\" data-widget_type=\"heading.default\">\n\t\t\t\t<div class=\"elementor-widget-container\">\n\t\t\t\t\t<h2 class=\"elementor-heading-title elementor-size-default\">Quelques r\u00e9alisations<\/h2>\t\t\t\t<\/div>\n\t\t\t\t<\/div>\n\t\t\t\t\t<\/div>\n\t\t\t\t<\/div>\n\t\t<div class=\"elementor-element elementor-element-705fb61 e-flex e-con-boxed e-con e-parent\" data-id=\"705fb61\" data-element_type=\"container\" data-e-type=\"container\">\n\t\t\t\t\t<div class=\"e-con-inner\">\n\t\t\t\t<div class=\"elementor-element elementor-element-18c6d7f elementor-grid-3 elementor-grid-tablet-2 elementor-grid-mobile-1 elementor-posts--thumbnail-top elementor-card-shadow-yes elementor-posts__hover-gradient elementor-widget elementor-widget-posts\" data-id=\"18c6d7f\" data-element_type=\"widget\" data-e-type=\"widget\" data-settings=\"{&quot;cards_columns&quot;:&quot;3&quot;,&quot;cards_columns_tablet&quot;:&quot;2&quot;,&quot;cards_columns_mobile&quot;:&quot;1&quot;,&quot;cards_row_gap&quot;:{&quot;unit&quot;:&quot;px&quot;,&quot;size&quot;:35,&quot;sizes&quot;:[]},&quot;cards_row_gap_tablet&quot;:{&quot;unit&quot;:&quot;px&quot;,&quot;size&quot;:&quot;&quot;,&quot;sizes&quot;:[]},&quot;cards_row_gap_mobile&quot;:{&quot;unit&quot;:&quot;px&quot;,&quot;size&quot;:&quot;&quot;,&quot;sizes&quot;:[]}}\" data-widget_type=\"posts.cards\">\n\t\t\t\t<div class=\"elementor-widget-container\">\n\t\t\t\t\t\t\t<div class=\"elementor-posts-container elementor-posts elementor-posts--skin-cards elementor-grid\" role=\"list\">\n\t\t\t\t<article class=\"elementor-post elementor-grid-item post-1821 post type-post status-publish format-standard has-post-thumbnail hentry category-accens category-audiovisuel\" role=\"listitem\">\n\t\t\t<div class=\"elementor-post__card\">\n\t\t\t\t<a class=\"elementor-post__thumbnail__link\" href=\"https:\/\/sipr.sorbonne-universite.fr\/index.php\/2025\/10\/23\/retour-sur-moodlemoot-25\/\" tabindex=\"-1\" ><div class=\"elementor-post__thumbnail\"><img loading=\"lazy\" decoding=\"async\" width=\"150\" height=\"136\" src=\"https:\/\/sipr.sorbonne-universite.fr\/wp-content\/uploads\/2025\/10\/MM25-150x136.jpg\" class=\"attachment-thumbnail size-thumbnail wp-image-1823\" alt=\"\" \/><\/div><\/a>\n\t\t\t\t<div class=\"elementor-post__text\">\n\t\t\t\t<h3 class=\"elementor-post__title\">\n\t\t\t<a href=\"https:\/\/sipr.sorbonne-universite.fr\/index.php\/2025\/10\/23\/retour-sur-moodlemoot-25\/\" >\n\t\t\t\tRetour sur MoodleMoot 25\t\t\t<\/a>\n\t\t<\/h3>\n\t\t\t\t<div class=\"elementor-post__excerpt\">\n\t\t\t<p>Une vid\u00e9o exclusive r\u00e9alis\u00e9e par l\u2019ing\u00e9nieur audiovisuel du SIPR vous emm\u00e8ne \u00e0 la d\u00e9couverte des temps forts de cet \u00e9v\u00e9nement national. Nous avons le plaisir de vous pr\u00e9senter une vid\u00e9o<\/p>\n\t\t<\/div>\n\t\t\n\t\t<a class=\"elementor-post__read-more\" href=\"https:\/\/sipr.sorbonne-universite.fr\/index.php\/2025\/10\/23\/retour-sur-moodlemoot-25\/\" aria-label=\"En savoir plus sur Retour sur MoodleMoot 25\" tabindex=\"-1\" >\n\t\t\tLire la suite \u00bb\t\t<\/a>\n\n\t\t\t\t<\/div>\n\t\t\t\t\t<\/div>\n\t\t<\/article>\n\t\t\t\t<article class=\"elementor-post elementor-grid-item post-1293 post type-post status-publish format-standard hentry category-audiovisuel\" role=\"listitem\">\n\t\t\t<div class=\"elementor-post__card\">\n\t\t\t\t<div class=\"elementor-post__text\">\n\t\t\t\t<h3 class=\"elementor-post__title\">\n\t\t\t<a href=\"https:\/\/sipr.sorbonne-universite.fr\/index.php\/2025\/05\/28\/video-reportage-du-colloque-de-linstitut-de-geographie\/\" >\n\t\t\t\tVid\u00e9o reportage du colloque de l&rsquo;Institut de G\u00e9ographie\t\t\t<\/a>\n\t\t<\/h3>\n\t\t\t\t<div class=\"elementor-post__excerpt\">\n\t\t\t<p>Dans le cadre du premier colloque de l\u2019Institut de G\u00e9ographie consacr\u00e9 \u00e0 la m\u00e9diation, le SIPR a r\u00e9alis\u00e9 une vid\u00e9o de pr\u00e9sentation retra\u00e7ant les temps forts de cet \u00e9v\u00e9nement exceptionnel.<\/p>\n\t\t<\/div>\n\t\t\n\t\t<a class=\"elementor-post__read-more\" href=\"https:\/\/sipr.sorbonne-universite.fr\/index.php\/2025\/05\/28\/video-reportage-du-colloque-de-linstitut-de-geographie\/\" aria-label=\"En savoir plus sur Vid\u00e9o reportage du colloque de l&rsquo;Institut de G\u00e9ographie\" tabindex=\"-1\" >\n\t\t\tLire la suite \u00bb\t\t<\/a>\n\n\t\t\t\t<\/div>\n\t\t\t\t\t<\/div>\n\t\t<\/article>\n\t\t\t\t<article class=\"elementor-post elementor-grid-item post-1280 post type-post status-publish format-standard hentry category-audiovisuel\" role=\"listitem\">\n\t\t\t<div class=\"elementor-post__card\">\n\t\t\t\t<div class=\"elementor-post__text\">\n\t\t\t\t<h3 class=\"elementor-post__title\">\n\t\t\t<a href=\"https:\/\/sipr.sorbonne-universite.fr\/index.php\/2025\/05\/28\/videos-de-presentation-des-ufr-et-parcours\/\" >\n\t\t\t\tVid\u00e9os de pr\u00e9sentation des UFR et parcours\t\t\t<\/a>\n\t\t<\/h3>\n\t\t\t\t<div class=\"elementor-post__excerpt\">\n\t\t\t<p>Le SIPR a con\u00e7u, en \u00e9troite collaboration avec les responsables p\u00e9dagogiques et les enseignants, une s\u00e9rie de vid\u00e9os de pr\u00e9sentation d\u00e9di\u00e9es aux parcours de licence et de master de plusieurs<\/p>\n\t\t<\/div>\n\t\t\n\t\t<a class=\"elementor-post__read-more\" href=\"https:\/\/sipr.sorbonne-universite.fr\/index.php\/2025\/05\/28\/videos-de-presentation-des-ufr-et-parcours\/\" aria-label=\"En savoir plus sur Vid\u00e9os de pr\u00e9sentation des UFR et parcours\" tabindex=\"-1\" >\n\t\t\tLire la suite \u00bb\t\t<\/a>\n\n\t\t\t\t<\/div>\n\t\t\t\t\t<\/div>\n\t\t<\/article>\n\t\t\t\t<\/div>\n\t\t\n\t\t\t\t\t\t<\/div>\n\t\t\t\t<\/div>\n\t\t\t\t\t<\/div>\n\t\t\t\t<\/div>\n\t\t\t\t<\/div>\n\t\t","protected":false},"excerpt":{"rendered":"<p>Le Service Informatique pour la P\u00e9dagogie et la Recherche met \u00e0 disposition du personnel enseignant un studio d\u2019enregistrement d\u00e9di\u00e9 \u00e0 la r\u00e9alisation de capsules vid\u00e9os p\u00e9dagogiques. Le studio dispose d\u2019un [&hellip;]<\/p>\n","protected":false},"author":2,"featured_media":0,"parent":0,"menu_order":2,"comment_status":"closed","ping_status":"closed","template":"elementor_theme","meta":{"_acf_changed":false,"footnotes":""},"class_list":["post-925","page","type-page","status-publish","hentry"],"acf":[],"_links":{"self":[{"href":"https:\/\/sipr.sorbonne-universite.fr\/index.php\/wp-json\/wp\/v2\/pages\/925","targetHints":{"allow":["GET"]}}],"collection":[{"href":"https:\/\/sipr.sorbonne-universite.fr\/index.php\/wp-json\/wp\/v2\/pages"}],"about":[{"href":"https:\/\/sipr.sorbonne-universite.fr\/index.php\/wp-json\/wp\/v2\/types\/page"}],"author":[{"embeddable":true,"href":"https:\/\/sipr.sorbonne-universite.fr\/index.php\/wp-json\/wp\/v2\/users\/2"}],"replies":[{"embeddable":true,"href":"https:\/\/sipr.sorbonne-universite.fr\/index.php\/wp-json\/wp\/v2\/comments?post=925"}],"version-history":[{"count":22,"href":"https:\/\/sipr.sorbonne-universite.fr\/index.php\/wp-json\/wp\/v2\/pages\/925\/revisions"}],"predecessor-version":[{"id":1915,"href":"https:\/\/sipr.sorbonne-universite.fr\/index.php\/wp-json\/wp\/v2\/pages\/925\/revisions\/1915"}],"wp:attachment":[{"href":"https:\/\/sipr.sorbonne-universite.fr\/index.php\/wp-json\/wp\/v2\/media?parent=925"}],"curies":[{"name":"wp","href":"https:\/\/api.w.org\/{rel}","templated":true}]}}