{"id":826,"date":"2025-04-15T14:38:55","date_gmt":"2025-04-15T14:38:55","guid":{"rendered":"https:\/\/musing-jang.195-220-216-61.plesk.page\/?page_id=826"},"modified":"2026-02-17T08:14:27","modified_gmt":"2026-02-17T08:14:27","slug":"semiweb","status":"publish","type":"page","link":"https:\/\/sipr.sorbonne-universite.fr\/index.php\/semiweb\/","title":{"rendered":"S\u00e9miweb"},"content":{"rendered":"\t\t<div data-elementor-type=\"wp-page\" data-elementor-id=\"826\" class=\"elementor elementor-826\" data-elementor-post-type=\"page\">\n\t\t\t\t<div class=\"elementor-element elementor-element-1ba70cc e-flex e-con-boxed e-con e-parent\" data-id=\"1ba70cc\" data-element_type=\"container\" data-e-type=\"container\">\n\t\t\t\t\t<div class=\"e-con-inner\">\n\t\t\t\t<div class=\"elementor-element elementor-element-d55a4b5 elementor-widget elementor-widget-text-editor\" data-id=\"d55a4b5\" data-element_type=\"widget\" data-e-type=\"widget\" data-widget_type=\"text-editor.default\">\n\t\t\t\t<div class=\"elementor-widget-container\">\n\t\t\t\t\t\t\t\t\t<div class=\"clearfix text-formatted field field--name-field-description field--type-text-long field--label-hidden field__item\"><p>Les S\u00e9miWeb sont des s\u00e9minaires en ligne sur l&rsquo;innovation p\u00e9dagogique num\u00e9rique.<\/p><p>Autour d&rsquo;un intervenant, expert national ou international, venant pr\u00e9senter une bonne pratique, personnel enseignant et autres professionnels de l&rsquo;\u00e9ducation de tous horizons sont invit\u00e9s \u00e0 venir \u00e9couter et \u00e9changer.<\/p><\/div>\t\t\t\t\t\t\t\t<\/div>\n\t\t\t\t<\/div>\n\t\t\t\t\t<\/div>\n\t\t\t\t<\/div>\n\t\t<div class=\"elementor-element elementor-element-f18530b e-flex e-con-boxed e-con e-parent\" data-id=\"f18530b\" data-element_type=\"container\" data-e-type=\"container\">\n\t\t\t\t\t<div class=\"e-con-inner\">\n\t\t\t\t<div class=\"elementor-element elementor-element-f97cf8c elementor-widget elementor-widget-heading\" data-id=\"f97cf8c\" data-element_type=\"widget\" data-e-type=\"widget\" data-widget_type=\"heading.default\">\n\t\t\t\t<div class=\"elementor-widget-container\">\n\t\t\t\t\t<h2 class=\"elementor-heading-title elementor-size-default\">Les s\u00e9miweb de l'ann\u00e9e<\/h2>\t\t\t\t<\/div>\n\t\t\t\t<\/div>\n\t\t\t\t<div class=\"elementor-element elementor-element-ae66a43 elementor-grid-4 elementor-grid-tablet-2 elementor-grid-mobile-1 elementor-posts--thumbnail-top elementor-card-shadow-yes elementor-posts__hover-gradient elementor-widget elementor-widget-posts\" data-id=\"ae66a43\" data-element_type=\"widget\" data-e-type=\"widget\" data-settings=\"{&quot;cards_columns&quot;:&quot;4&quot;,&quot;cards_columns_tablet&quot;:&quot;2&quot;,&quot;cards_columns_mobile&quot;:&quot;1&quot;,&quot;cards_row_gap&quot;:{&quot;unit&quot;:&quot;px&quot;,&quot;size&quot;:35,&quot;sizes&quot;:[]},&quot;cards_row_gap_tablet&quot;:{&quot;unit&quot;:&quot;px&quot;,&quot;size&quot;:&quot;&quot;,&quot;sizes&quot;:[]},&quot;cards_row_gap_mobile&quot;:{&quot;unit&quot;:&quot;px&quot;,&quot;size&quot;:&quot;&quot;,&quot;sizes&quot;:[]}}\" data-widget_type=\"posts.cards\">\n\t\t\t\t<div class=\"elementor-widget-container\">\n\t\t\t\t\t\t\t<div class=\"elementor-posts-container elementor-posts elementor-posts--skin-cards elementor-grid\" role=\"list\">\n\t\t\t\t<article class=\"elementor-post elementor-grid-item post-1953 tribe_events type-tribe_events status-publish hentry tribe_events_cat-accens tribe_events_cat-semiweb cat_accens cat_semiweb\" role=\"listitem\">\n\t\t\t<div class=\"elementor-post__card\">\n\t\t\t\t<div class=\"elementor-post__text\">\n\t\t\t\t<h3 class=\"elementor-post__title\">\n\t\t\t<a href=\"https:\/\/sipr.sorbonne-universite.fr\/index.php\/event\/semiweb-apports-des-sciences-cognitives-dans-lenseignement-par-calliste-scheibling-seve\/\" target=&quot;_blank&quot;>\n\t\t\t\tS\u00e9miweb \u00ab\u00a0Apports des sciences cognitives dans l\u2019enseignement\u00a0\u00bb par Calliste Scheibling-S\u00e8ve\t\t\t<\/a>\n\t\t<\/h3>\n\t\t\t\t<div class=\"elementor-post__excerpt\">\n\t\t\t<p>Date de la pr\u00e9sentation\u00a0: mardi 31 mars\u00a0de 14h \u00e0 16h R\u00e9sum\u00e9 de la pr\u00e9sentation\u00a0: Cette pr\u00e9sentation propose de d\u00e9construire certains neuromythes les plus r\u00e9pandus en \u00e9ducation et de pr\u00e9senter des<\/p>\n\t\t<\/div>\n\t\t\t\t\t<div class=\"elementor-post__read-more-wrapper\">\n\t\t\n\t\t<a class=\"elementor-post__read-more\" href=\"https:\/\/sipr.sorbonne-universite.fr\/index.php\/event\/semiweb-apports-des-sciences-cognitives-dans-lenseignement-par-calliste-scheibling-seve\/\" aria-label=\"En savoir plus sur S\u00e9miweb \u00ab\u00a0Apports des sciences cognitives dans l\u2019enseignement\u00a0\u00bb par Calliste Scheibling-S\u00e8ve\" tabindex=\"-1\" target=\"_blank\">\n\t\t\tLire la suite \u00bb\t\t<\/a>\n\n\t\t\t\t\t<\/div>\n\t\t\t\t<\/div>\n\t\t\t\t\t<\/div>\n\t\t<\/article>\n\t\t\t\t<article class=\"elementor-post elementor-grid-item post-1949 tribe_events type-tribe_events status-publish hentry tribe_events_cat-accens tribe_events_cat-semiweb cat_accens cat_semiweb\" role=\"listitem\">\n\t\t\t<div class=\"elementor-post__card\">\n\t\t\t\t<div class=\"elementor-post__text\">\n\t\t\t\t<h3 class=\"elementor-post__title\">\n\t\t\t<a href=\"https:\/\/sipr.sorbonne-universite.fr\/index.php\/event\/hub-educatif-lms-amphipedia-repenser-les-espaces-dapprentissage-presente-par-olivier-perlot-2\/\" target=&quot;_blank&quot;>\n\t\t\t\tS\u00e9miweb \u00ab\u00a0Hub \u00e9ducatif, LMS, amphip\u00e9dia : repenser les espaces d\u2019apprentissage\u00a0\u00bb pr\u00e9sent\u00e9 par Olivier Perlot\t\t\t<\/a>\n\t\t<\/h3>\n\t\t\t\t<div class=\"elementor-post__excerpt\">\n\t\t\t<p>La pr\u00e9sentation portera sur la compr\u00e9hension des dispositifs num\u00e9riques de formation type hub \u00e9ducatifs. Cet \u00e9v\u00e9nement aura lieu le Jeudi 19 mars 2026 de 14h \u00e0 16h \u00e0 distance Inscription<\/p>\n\t\t<\/div>\n\t\t\t\t\t<div class=\"elementor-post__read-more-wrapper\">\n\t\t\n\t\t<a class=\"elementor-post__read-more\" href=\"https:\/\/sipr.sorbonne-universite.fr\/index.php\/event\/hub-educatif-lms-amphipedia-repenser-les-espaces-dapprentissage-presente-par-olivier-perlot-2\/\" aria-label=\"En savoir plus sur S\u00e9miweb \u00ab\u00a0Hub \u00e9ducatif, LMS, amphip\u00e9dia : repenser les espaces d\u2019apprentissage\u00a0\u00bb pr\u00e9sent\u00e9 par Olivier Perlot\" tabindex=\"-1\" target=\"_blank\">\n\t\t\tLire la suite \u00bb\t\t<\/a>\n\n\t\t\t\t\t<\/div>\n\t\t\t\t<\/div>\n\t\t\t\t\t<\/div>\n\t\t<\/article>\n\t\t\t\t<article class=\"elementor-post elementor-grid-item post-1932 tribe_events type-tribe_events status-publish hentry tribe_events_cat-iagen tribe_events_cat-semiweb cat_iagen cat_semiweb\" role=\"listitem\">\n\t\t\t<div class=\"elementor-post__card\">\n\t\t\t\t<div class=\"elementor-post__text\">\n\t\t\t\t<h3 class=\"elementor-post__title\">\n\t\t\t<a href=\"https:\/\/sipr.sorbonne-universite.fr\/index.php\/event\/1932\/\" target=&quot;_blank&quot;>\n\t\t\t\tS\u00e9miweb \u00ab\u00a0IA et p\u00e9dagogie\u00a0\u00bb pr\u00e9sent\u00e9 par Samuel Nowakowski.\t\t\t<\/a>\n\t\t<\/h3>\n\t\t\t\t<div class=\"elementor-post__excerpt\">\n\t\t\t<p>? Prochain #Semiweb du Service Informatique pour la P\u00e9dagogie et la Recherche de la Facult\u00e9 des Lettres Sorbonne Universit\u00e9 ! ? \u00ab\u00a0IA et p\u00e9dagogie\u00a0\u00bb pr\u00e9sent\u00e9 par Samuel Nowakowski. ? Jeudi<\/p>\n\t\t<\/div>\n\t\t\t\t\t<div class=\"elementor-post__read-more-wrapper\">\n\t\t\n\t\t<a class=\"elementor-post__read-more\" href=\"https:\/\/sipr.sorbonne-universite.fr\/index.php\/event\/1932\/\" aria-label=\"En savoir plus sur S\u00e9miweb \u00ab\u00a0IA et p\u00e9dagogie\u00a0\u00bb pr\u00e9sent\u00e9 par Samuel Nowakowski.\" tabindex=\"-1\" target=\"_blank\">\n\t\t\tLire la suite \u00bb\t\t<\/a>\n\n\t\t\t\t\t<\/div>\n\t\t\t\t<\/div>\n\t\t\t\t\t<\/div>\n\t\t<\/article>\n\t\t\t\t<\/div>\n\t\t\n\t\t\t\t\t\t<\/div>\n\t\t\t\t<\/div>\n\t\t\t\t\t<\/div>\n\t\t\t\t<\/div>\n\t\t<div class=\"elementor-element elementor-element-a0026d2 e-flex e-con-boxed e-con e-parent\" data-id=\"a0026d2\" data-element_type=\"container\" data-e-type=\"container\">\n\t\t\t\t\t<div class=\"e-con-inner\">\n\t\t\t\t<div class=\"elementor-element elementor-element-0b4dafe elementor-widget elementor-widget-heading\" data-id=\"0b4dafe\" data-element_type=\"widget\" data-e-type=\"widget\" data-widget_type=\"heading.default\">\n\t\t\t\t<div class=\"elementor-widget-container\">\n\t\t\t\t\t<h2 class=\"elementor-heading-title elementor-size-default\">Les s\u00e9miweb nouvellement en replay<\/h2>\t\t\t\t<\/div>\n\t\t\t\t<\/div>\n\t\t\t\t<div class=\"elementor-element elementor-element-92d223e elementor-grid-4 elementor-grid-tablet-2 elementor-grid-mobile-1 elementor-posts--thumbnail-top elementor-card-shadow-yes elementor-posts__hover-gradient elementor-widget elementor-widget-posts\" data-id=\"92d223e\" data-element_type=\"widget\" data-e-type=\"widget\" data-settings=\"{&quot;cards_columns&quot;:&quot;4&quot;,&quot;cards_columns_tablet&quot;:&quot;2&quot;,&quot;cards_columns_mobile&quot;:&quot;1&quot;,&quot;cards_row_gap&quot;:{&quot;unit&quot;:&quot;px&quot;,&quot;size&quot;:35,&quot;sizes&quot;:[]},&quot;cards_row_gap_tablet&quot;:{&quot;unit&quot;:&quot;px&quot;,&quot;size&quot;:&quot;&quot;,&quot;sizes&quot;:[]},&quot;cards_row_gap_mobile&quot;:{&quot;unit&quot;:&quot;px&quot;,&quot;size&quot;:&quot;&quot;,&quot;sizes&quot;:[]}}\" data-widget_type=\"posts.cards\">\n\t\t\t\t<div class=\"elementor-widget-container\">\n\t\t\t\t\t\t\t<div class=\"elementor-posts-container elementor-posts elementor-posts--skin-cards elementor-grid\" role=\"list\">\n\t\t\t\t<article class=\"elementor-post elementor-grid-item post-2011 post type-post status-publish format-standard has-post-thumbnail hentry category-accetu category-semiweb\" role=\"listitem\">\n\t\t\t<div class=\"elementor-post__card\">\n\t\t\t\t<a class=\"elementor-post__thumbnail__link\" href=\"https:\/\/sipr.sorbonne-universite.fr\/index.php\/2026\/04\/07\/hub-educatif-lms-amphidea-repenser-les-espaces-dapprentissage\/\" tabindex=\"-1\" target=\"_blank\"><div class=\"elementor-post__thumbnail\"><img decoding=\"async\" width=\"150\" height=\"150\" src=\"https:\/\/sipr.sorbonne-universite.fr\/wp-content\/uploads\/2026\/03\/Photo-O-Perlot-150x150.jpeg\" class=\"attachment-thumbnail size-thumbnail wp-image-1947\" alt=\"\" srcset=\"https:\/\/sipr.sorbonne-universite.fr\/wp-content\/uploads\/2026\/03\/Photo-O-Perlot-150x150.jpeg 150w, https:\/\/sipr.sorbonne-universite.fr\/wp-content\/uploads\/2026\/03\/Photo-O-Perlot-300x300.jpeg 300w, https:\/\/sipr.sorbonne-universite.fr\/wp-content\/uploads\/2026\/03\/Photo-O-Perlot-1024x1024.jpeg 1024w, https:\/\/sipr.sorbonne-universite.fr\/wp-content\/uploads\/2026\/03\/Photo-O-Perlot-768x768.jpeg 768w, https:\/\/sipr.sorbonne-universite.fr\/wp-content\/uploads\/2026\/03\/Photo-O-Perlot-1536x1536.jpeg 1536w, https:\/\/sipr.sorbonne-universite.fr\/wp-content\/uploads\/2026\/03\/Photo-O-Perlot.jpeg 2048w\" sizes=\"(max-width: 150px) 100vw, 150px\" \/><\/div><\/a>\n\t\t\t\t<div class=\"elementor-post__text\">\n\t\t\t\t<h3 class=\"elementor-post__title\">\n\t\t\t<a href=\"https:\/\/sipr.sorbonne-universite.fr\/index.php\/2026\/04\/07\/hub-educatif-lms-amphidea-repenser-les-espaces-dapprentissage\/\" target=&quot;_blank&quot;>\n\t\t\t\tHub \u00e9ducatif, LMS, amphid\u00e9a : repenser les espaces d&rsquo;apprentissage\t\t\t<\/a>\n\t\t<\/h3>\n\t\t\t\t<div class=\"elementor-post__excerpt\">\n\t\t\t<p>Semiweb pr\u00e9sent\u00e9 par Olivier PERLOT REPLAY : https:\/\/www.canal-u.tv\/chaines\/faculte-des-lettres-de-sorbonne-universite\/semiweb-hub-educatif-lms-amphipedia-repenser-les R\u00e9sum\u00e9 Ce webinaire explorera la configuration du<\/p>\n\t\t<\/div>\n\t\t\t\t\t<div class=\"elementor-post__read-more-wrapper\">\n\t\t\n\t\t<a class=\"elementor-post__read-more\" href=\"https:\/\/sipr.sorbonne-universite.fr\/index.php\/2026\/04\/07\/hub-educatif-lms-amphidea-repenser-les-espaces-dapprentissage\/\" aria-label=\"En savoir plus sur Hub \u00e9ducatif, LMS, amphid\u00e9a : repenser les espaces d&rsquo;apprentissage\" tabindex=\"-1\" target=\"_blank\">\n\t\t\tLire la suite \u00bb\t\t<\/a>\n\n\t\t\t\t\t<\/div>\n\t\t\t\t<\/div>\n\t\t\t\t\t<\/div>\n\t\t<\/article>\n\t\t\t\t<article class=\"elementor-post elementor-grid-item post-2005 post type-post status-publish format-standard has-post-thumbnail hentry category-iagen category-semiweb\" role=\"listitem\">\n\t\t\t<div class=\"elementor-post__card\">\n\t\t\t\t<a class=\"elementor-post__thumbnail__link\" href=\"https:\/\/sipr.sorbonne-universite.fr\/index.php\/2026\/04\/07\/ia-et-pedagogie\/\" tabindex=\"-1\" target=\"_blank\"><div class=\"elementor-post__thumbnail\"><img decoding=\"async\" width=\"150\" height=\"150\" src=\"https:\/\/sipr.sorbonne-universite.fr\/wp-content\/uploads\/2026\/01\/SN-150x150.jpg\" class=\"attachment-thumbnail size-thumbnail wp-image-1938\" alt=\"\" srcset=\"https:\/\/sipr.sorbonne-universite.fr\/wp-content\/uploads\/2026\/01\/SN-150x150.jpg 150w, https:\/\/sipr.sorbonne-universite.fr\/wp-content\/uploads\/2026\/01\/SN.jpg 202w\" sizes=\"(max-width: 150px) 100vw, 150px\" \/><\/div><\/a>\n\t\t\t\t<div class=\"elementor-post__text\">\n\t\t\t\t<h3 class=\"elementor-post__title\">\n\t\t\t<a href=\"https:\/\/sipr.sorbonne-universite.fr\/index.php\/2026\/04\/07\/ia-et-pedagogie\/\" target=&quot;_blank&quot;>\n\t\t\t\tIA et p\u00e9dagogie\t\t\t<\/a>\n\t\t<\/h3>\n\t\t\t\t<div class=\"elementor-post__excerpt\">\n\t\t\t<p>Semiweb pr\u00e9sent\u00e9 par Samuel Nowakowski REPLAY : https:\/\/www.canal-u.tv\/chaines\/faculte-des-lettres-de-sorbonne-universite\/semiweb-ia-et-pedagogie\u00a0 R\u00e9sum\u00e9 La pr\u00e9sentation portera sur la compr\u00e9hension<\/p>\n\t\t<\/div>\n\t\t\t\t\t<div class=\"elementor-post__read-more-wrapper\">\n\t\t\n\t\t<a class=\"elementor-post__read-more\" href=\"https:\/\/sipr.sorbonne-universite.fr\/index.php\/2026\/04\/07\/ia-et-pedagogie\/\" aria-label=\"En savoir plus sur IA et p\u00e9dagogie\" tabindex=\"-1\" target=\"_blank\">\n\t\t\tLire la suite \u00bb\t\t<\/a>\n\n\t\t\t\t\t<\/div>\n\t\t\t\t<\/div>\n\t\t\t\t\t<\/div>\n\t\t<\/article>\n\t\t\t\t<article class=\"elementor-post elementor-grid-item post-1632 post type-post status-publish format-standard hentry category-semiweb category-sobnum\" role=\"listitem\">\n\t\t\t<div class=\"elementor-post__card\">\n\t\t\t\t<div class=\"elementor-post__text\">\n\t\t\t\t<h3 class=\"elementor-post__title\">\n\t\t\t<a href=\"https:\/\/sipr.sorbonne-universite.fr\/index.php\/2025\/07\/21\/la-sobriete-numerique-une-urgence-pedagogique\/\" target=&quot;_blank&quot;>\n\t\t\t\tLa sobri\u00e9t\u00e9 num\u00e9rique : une urgence p\u00e9dagogique\t\t\t<\/a>\n\t\t<\/h3>\n\t\t\t\t<div class=\"elementor-post__excerpt\">\n\t\t\t<p>Intervenant : \u00a0Descamps Sarah R\u00e9sum\u00e9 : Objets connect\u00e9s, z\u00e9ro d\u00e9chet, voitures autonomes, marches pour le<\/p>\n\t\t<\/div>\n\t\t\t\t\t<div class=\"elementor-post__read-more-wrapper\">\n\t\t\n\t\t<a class=\"elementor-post__read-more\" href=\"https:\/\/sipr.sorbonne-universite.fr\/index.php\/2025\/07\/21\/la-sobriete-numerique-une-urgence-pedagogique\/\" aria-label=\"En savoir plus sur La sobri\u00e9t\u00e9 num\u00e9rique : une urgence p\u00e9dagogique\" tabindex=\"-1\" target=\"_blank\">\n\t\t\tLire la suite \u00bb\t\t<\/a>\n\n\t\t\t\t\t<\/div>\n\t\t\t\t<\/div>\n\t\t\t\t\t<\/div>\n\t\t<\/article>\n\t\t\t\t<article class=\"elementor-post elementor-grid-item post-1627 post type-post status-publish format-standard hentry category-accens category-semiweb\" role=\"listitem\">\n\t\t\t<div class=\"elementor-post__card\">\n\t\t\t\t<div class=\"elementor-post__text\">\n\t\t\t\t<h3 class=\"elementor-post__title\">\n\t\t\t<a href=\"https:\/\/sipr.sorbonne-universite.fr\/index.php\/2025\/07\/21\/de-laccessibilite-physique-a-laccessibilite-pedagogique-vers-un-renouvellement-des-problematiques-et-des-pratiques\/\" target=&quot;_blank&quot;>\n\t\t\t\tDe l\u2019accessibilit\u00e9 physique \u00e0 l\u2019accessibilit\u00e9 p\u00e9dagogique : vers un renouvellement des probl\u00e9matiques et des pratiques\t\t\t<\/a>\n\t\t<\/h3>\n\t\t\t\t<div class=\"elementor-post__excerpt\">\n\t\t\t<p>Intervenant : \u00a0Plaisance Eric R\u00e9sum\u00e9 : Les notions d\u2019acc\u00e8s et d\u2019accessibilit\u00e9 font partie du langage<\/p>\n\t\t<\/div>\n\t\t\t\t\t<div class=\"elementor-post__read-more-wrapper\">\n\t\t\n\t\t<a class=\"elementor-post__read-more\" href=\"https:\/\/sipr.sorbonne-universite.fr\/index.php\/2025\/07\/21\/de-laccessibilite-physique-a-laccessibilite-pedagogique-vers-un-renouvellement-des-problematiques-et-des-pratiques\/\" aria-label=\"En savoir plus sur De l\u2019accessibilit\u00e9 physique \u00e0 l\u2019accessibilit\u00e9 p\u00e9dagogique : vers un renouvellement des probl\u00e9matiques et des pratiques\" tabindex=\"-1\" target=\"_blank\">\n\t\t\tLire la suite \u00bb\t\t<\/a>\n\n\t\t\t\t\t<\/div>\n\t\t\t\t<\/div>\n\t\t\t\t\t<\/div>\n\t\t<\/article>\n\t\t\t\t<\/div>\n\t\t\n\t\t\t\t\t\t<\/div>\n\t\t\t\t<\/div>\n\t\t\t\t\t<\/div>\n\t\t\t\t<\/div>\n\t\t<div class=\"elementor-element elementor-element-52fd82b e-flex e-con-boxed e-con e-parent\" data-id=\"52fd82b\" data-element_type=\"container\" data-e-type=\"container\">\n\t\t\t\t\t<div class=\"e-con-inner\">\n\t\t\t\t<div class=\"elementor-element elementor-element-5ea6aab elementor-widget elementor-widget-heading\" data-id=\"5ea6aab\" data-element_type=\"widget\" data-e-type=\"widget\" data-widget_type=\"heading.default\">\n\t\t\t\t<div class=\"elementor-widget-container\">\n\t\t\t\t\t<h2 class=\"elementor-heading-title elementor-size-default\">Les archives des s\u00e9miweb sur Canal U<\/h2>\t\t\t\t<\/div>\n\t\t\t\t<\/div>\n\t\t<div class=\"elementor-element elementor-element-93f56f6 e-con-full e-flex e-con e-child\" data-id=\"93f56f6\" data-element_type=\"container\" data-e-type=\"container\">\n\t\t\t\t<div class=\"elementor-element elementor-element-47b98e3 elementor-widget elementor-widget-image\" data-id=\"47b98e3\" data-element_type=\"widget\" data-e-type=\"widget\" data-widget_type=\"image.default\">\n\t\t\t\t<div class=\"elementor-widget-container\">\n\t\t\t\t\t\t\t\t\t\t\t\t\t\t\t\t<a href=\"https:\/\/www.canal-u.tv\/chaines\/faculte-des-lettres-de-sorbonne-universite\/semiweb\" target=\"_blank\">\n\t\t\t\t\t\t\t<img fetchpriority=\"high\" decoding=\"async\" width=\"800\" height=\"320\" src=\"https:\/\/sipr.sorbonne-universite.fr\/wp-content\/uploads\/2025\/04\/Capture-decran-2025-04-16-a-09.47.52-1024x410.png\" class=\"attachment-large size-large wp-image-866\" alt=\"\" srcset=\"https:\/\/sipr.sorbonne-universite.fr\/wp-content\/uploads\/2025\/04\/Capture-decran-2025-04-16-a-09.47.52-1024x410.png 1024w, https:\/\/sipr.sorbonne-universite.fr\/wp-content\/uploads\/2025\/04\/Capture-decran-2025-04-16-a-09.47.52-300x120.png 300w, https:\/\/sipr.sorbonne-universite.fr\/wp-content\/uploads\/2025\/04\/Capture-decran-2025-04-16-a-09.47.52-768x307.png 768w, https:\/\/sipr.sorbonne-universite.fr\/wp-content\/uploads\/2025\/04\/Capture-decran-2025-04-16-a-09.47.52.png 1120w\" sizes=\"(max-width: 800px) 100vw, 800px\" \/>\t\t\t\t\t\t\t\t<\/a>\n\t\t\t\t\t\t\t\t\t\t\t\t\t\t\t<\/div>\n\t\t\t\t<\/div>\n\t\t\t\t<\/div>\n\t\t\t\t\t<\/div>\n\t\t\t\t<\/div>\n\t\t\t\t<\/div>\n\t\t","protected":false},"excerpt":{"rendered":"<p>Les S\u00e9miWeb sont des s\u00e9minaires en ligne sur l&rsquo;innovation p\u00e9dagogique num\u00e9rique. Autour d&rsquo;un intervenant, expert national ou international, venant pr\u00e9senter une bonne pratique, personnel enseignant et autres professionnels de l&rsquo;\u00e9ducation [&hellip;]<\/p>\n","protected":false},"author":2,"featured_media":0,"parent":0,"menu_order":0,"comment_status":"closed","ping_status":"closed","template":"","meta":{"_acf_changed":false,"footnotes":""},"class_list":["post-826","page","type-page","status-publish","hentry"],"acf":[],"_links":{"self":[{"href":"https:\/\/sipr.sorbonne-universite.fr\/index.php\/wp-json\/wp\/v2\/pages\/826","targetHints":{"allow":["GET"]}}],"collection":[{"href":"https:\/\/sipr.sorbonne-universite.fr\/index.php\/wp-json\/wp\/v2\/pages"}],"about":[{"href":"https:\/\/sipr.sorbonne-universite.fr\/index.php\/wp-json\/wp\/v2\/types\/page"}],"author":[{"embeddable":true,"href":"https:\/\/sipr.sorbonne-universite.fr\/index.php\/wp-json\/wp\/v2\/users\/2"}],"replies":[{"embeddable":true,"href":"https:\/\/sipr.sorbonne-universite.fr\/index.php\/wp-json\/wp\/v2\/comments?post=826"}],"version-history":[{"count":40,"href":"https:\/\/sipr.sorbonne-universite.fr\/index.php\/wp-json\/wp\/v2\/pages\/826\/revisions"}],"predecessor-version":[{"id":1958,"href":"https:\/\/sipr.sorbonne-universite.fr\/index.php\/wp-json\/wp\/v2\/pages\/826\/revisions\/1958"}],"wp:attachment":[{"href":"https:\/\/sipr.sorbonne-universite.fr\/index.php\/wp-json\/wp\/v2\/media?parent=826"}],"curies":[{"name":"wp","href":"https:\/\/api.w.org\/{rel}","templated":true}]}}