{"id":603,"date":"2025-04-15T08:38:38","date_gmt":"2025-04-15T08:38:38","guid":{"rendered":"https:\/\/musing-jang.195-220-216-61.plesk.page\/?page_id=603"},"modified":"2026-02-17T08:36:53","modified_gmt":"2026-02-17T08:36:53","slug":"etudiants","status":"publish","type":"page","link":"https:\/\/sipr.sorbonne-universite.fr\/index.php\/etudiants\/","title":{"rendered":"Accompagnement des \u00e9tudiantes et des \u00e9tudiants"},"content":{"rendered":"\t\t<div data-elementor-type=\"wp-page\" data-elementor-id=\"603\" class=\"elementor elementor-603\" data-elementor-post-type=\"page\">\n\t\t\t\t<div class=\"elementor-element elementor-element-8e460c5 e-flex e-con-boxed e-con e-parent\" data-id=\"8e460c5\" data-element_type=\"container\" data-e-type=\"container\">\n\t\t\t\t\t<div class=\"e-con-inner\">\n\t\t<div class=\"elementor-element elementor-element-2386e29 e-con-full e-flex e-con e-child\" data-id=\"2386e29\" data-element_type=\"container\" data-e-type=\"container\">\n\t\t\t\t<div class=\"elementor-element elementor-element-27dbcf4 elementor-widget elementor-widget-text-editor\" data-id=\"27dbcf4\" data-element_type=\"widget\" data-e-type=\"widget\" data-widget_type=\"text-editor.default\">\n\t\t\t\t<div class=\"elementor-widget-container\">\n\t\t\t\t\t\t\t\t\t<p><strong>Responsable : <\/strong><a href=\"\/index.php\/alaminette\">Adrien LAMINETTE<\/a><\/p><p><strong>Membres de la th\u00e9matique<\/strong> : <a href=\"\/index.php\/lbekkis\">Leila BEKKIS<\/a>, <a href=\"\/index.php\/adoucet\">Aristide DOUCET <\/a>, <a href=\"\/index.php\/vlange\">Vanina LANGE<\/a><\/p><p><strong>Participe sur certains projets<\/strong> : R<\/p>\t\t\t\t\t\t\t\t<\/div>\n\t\t\t\t<\/div>\n\t\t\t\t<\/div>\n\t\t<div class=\"elementor-element elementor-element-308f7b5 e-con-full e-flex e-con e-child\" data-id=\"308f7b5\" data-element_type=\"container\" data-e-type=\"container\">\n\t\t\t\t<div class=\"elementor-element elementor-element-78c0279 elementor-widget elementor-widget-bdt-event-grid\" data-id=\"78c0279\" data-element_type=\"widget\" data-e-type=\"widget\" data-widget_type=\"bdt-event-grid.default\">\n\t\t\t\t<div class=\"elementor-widget-container\">\n\t\t\t\t\t\t\t<div id=\"78c0279\" class=\"bdt-event-grid bdt-event-calendar skin-default\">\n\t\t\t<div class=\"bdt-grid bdt-grid-medium bdt-child-width-1-1 bdt-child-width-1-2@s bdt-child-width-1-2@l\" bdt-grid>\n\n\t\t\t<div class=\"bdt-alert bdt-alert-warning\">No events!<\/div>\n\t\t\t<\/div>\n\t\t<\/div>\n\t\t\t\t\t<\/div>\n\t\t\t\t<\/div>\n\t\t\t\t<\/div>\n\t\t\t\t\t<\/div>\n\t\t\t\t<\/div>\n\t\t<div class=\"elementor-element elementor-element-c014623 e-flex e-con-boxed e-con e-parent\" data-id=\"c014623\" data-element_type=\"container\" data-e-type=\"container\">\n\t\t\t\t\t<div class=\"e-con-inner\">\n\t\t\t\t<div class=\"elementor-element elementor-element-7b4abe2 elementor-grid-3 elementor-grid-tablet-2 elementor-grid-mobile-1 elementor-posts--thumbnail-top elementor-card-shadow-yes elementor-posts__hover-gradient elementor-widget elementor-widget-posts\" data-id=\"7b4abe2\" data-element_type=\"widget\" data-e-type=\"widget\" data-settings=\"{&quot;cards_columns&quot;:&quot;3&quot;,&quot;cards_columns_tablet&quot;:&quot;2&quot;,&quot;cards_columns_mobile&quot;:&quot;1&quot;,&quot;cards_row_gap&quot;:{&quot;unit&quot;:&quot;px&quot;,&quot;size&quot;:35,&quot;sizes&quot;:[]},&quot;cards_row_gap_tablet&quot;:{&quot;unit&quot;:&quot;px&quot;,&quot;size&quot;:&quot;&quot;,&quot;sizes&quot;:[]},&quot;cards_row_gap_mobile&quot;:{&quot;unit&quot;:&quot;px&quot;,&quot;size&quot;:&quot;&quot;,&quot;sizes&quot;:[]}}\" data-widget_type=\"posts.cards\">\n\t\t\t\t<div class=\"elementor-widget-container\">\n\t\t\t\t\t\t\t<div class=\"elementor-posts-container elementor-posts elementor-posts--skin-cards elementor-grid\" role=\"list\">\n\t\t\t\t<article class=\"elementor-post elementor-grid-item post-2011 post type-post status-publish format-standard has-post-thumbnail hentry category-accetu category-semiweb\" role=\"listitem\">\n\t\t\t<div class=\"elementor-post__card\">\n\t\t\t\t<a class=\"elementor-post__thumbnail__link\" href=\"https:\/\/sipr.sorbonne-universite.fr\/index.php\/2026\/04\/07\/hub-educatif-lms-amphidea-repenser-les-espaces-dapprentissage\/\" tabindex=\"-1\" ><div class=\"elementor-post__thumbnail\"><img decoding=\"async\" width=\"150\" height=\"150\" src=\"https:\/\/sipr.sorbonne-universite.fr\/wp-content\/uploads\/2026\/03\/Photo-O-Perlot-150x150.jpeg\" class=\"attachment-thumbnail size-thumbnail wp-image-1947\" alt=\"\" srcset=\"https:\/\/sipr.sorbonne-universite.fr\/wp-content\/uploads\/2026\/03\/Photo-O-Perlot-150x150.jpeg 150w, https:\/\/sipr.sorbonne-universite.fr\/wp-content\/uploads\/2026\/03\/Photo-O-Perlot-300x300.jpeg 300w, https:\/\/sipr.sorbonne-universite.fr\/wp-content\/uploads\/2026\/03\/Photo-O-Perlot-1024x1024.jpeg 1024w, https:\/\/sipr.sorbonne-universite.fr\/wp-content\/uploads\/2026\/03\/Photo-O-Perlot-768x768.jpeg 768w, https:\/\/sipr.sorbonne-universite.fr\/wp-content\/uploads\/2026\/03\/Photo-O-Perlot-1536x1536.jpeg 1536w, https:\/\/sipr.sorbonne-universite.fr\/wp-content\/uploads\/2026\/03\/Photo-O-Perlot.jpeg 2048w\" sizes=\"(max-width: 150px) 100vw, 150px\" \/><\/div><\/a>\n\t\t\t\t<div class=\"elementor-post__text\">\n\t\t\t\t<h3 class=\"elementor-post__title\">\n\t\t\t<a href=\"https:\/\/sipr.sorbonne-universite.fr\/index.php\/2026\/04\/07\/hub-educatif-lms-amphidea-repenser-les-espaces-dapprentissage\/\" >\n\t\t\t\tHub \u00e9ducatif, LMS, amphid\u00e9a : repenser les espaces d&rsquo;apprentissage\t\t\t<\/a>\n\t\t<\/h3>\n\t\t\t\t<div class=\"elementor-post__excerpt\">\n\t\t\t<p>Semiweb pr\u00e9sent\u00e9 par Olivier PERLOT REPLAY : https:\/\/www.canal-u.tv\/chaines\/faculte-des-lettres-de-sorbonne-universite\/semiweb-hub-educatif-lms-amphipedia-repenser-les R\u00e9sum\u00e9 Ce webinaire explorera la configuration du<\/p>\n\t\t<\/div>\n\t\t\n\t\t<a class=\"elementor-post__read-more\" href=\"https:\/\/sipr.sorbonne-universite.fr\/index.php\/2026\/04\/07\/hub-educatif-lms-amphidea-repenser-les-espaces-dapprentissage\/\" aria-label=\"En savoir plus sur Hub \u00e9ducatif, LMS, amphid\u00e9a : repenser les espaces d&rsquo;apprentissage\" tabindex=\"-1\" >\n\t\t\tLire la suite \u00bb\t\t<\/a>\n\n\t\t\t\t<\/div>\n\t\t\t\t<div class=\"elementor-post__meta-data\">\n\t\t\t\t\t<span class=\"elementor-post-date\">\n\t\t\t07\/04\/2026\t\t<\/span>\n\t\t\t\t<\/div>\n\t\t\t\t\t<\/div>\n\t\t<\/article>\n\t\t\t\t<\/div>\n\t\t\n\t\t\t\t\t\t<\/div>\n\t\t\t\t<\/div>\n\t\t\t\t\t<\/div>\n\t\t\t\t<\/div>\n\t\t<div class=\"elementor-element elementor-element-a1b3c30 e-flex e-con-boxed e-con e-parent\" data-id=\"a1b3c30\" data-element_type=\"container\" data-e-type=\"container\">\n\t\t\t\t\t<div class=\"e-con-inner\">\n\t\t\t\t<div class=\"elementor-element elementor-element-0b4dafe elementor-widget elementor-widget-heading\" data-id=\"0b4dafe\" data-element_type=\"widget\" data-e-type=\"widget\" data-widget_type=\"heading.default\">\n\t\t\t\t<div class=\"elementor-widget-container\">\n\t\t\t\t\t<h2 class=\"elementor-heading-title elementor-size-default\">Description<\/h2>\t\t\t\t<\/div>\n\t\t\t\t<\/div>\n\t\t\t\t<div class=\"elementor-element elementor-element-d55a4b5 elementor-widget elementor-widget-text-editor\" data-id=\"d55a4b5\" data-element_type=\"widget\" data-e-type=\"widget\" data-widget_type=\"text-editor.default\">\n\t\t\t\t<div class=\"elementor-widget-container\">\n\t\t\t\t\t\t\t\t\t<div class=\"abstract-edition\" data-ametys-metadata=\"defaultWebContent:\/\/0e4d2f05-9219-43c8-9720-4ef55c694659;abstract\"><p class=\"introduction\">Le SIPR vous facilite l\u2019acc\u00e8s aux outils num\u00e9riques afin de vous mettre dans les meilleures conditions.<\/p><\/div><div class=\"content-edition\" data-ametys-metadata=\"defaultWebContent:\/\/0e4d2f05-9219-43c8-9720-4ef55c694659;content\"><p>Tout au long de votre parcours universitaire, la facult\u00e9 des lettres \u00e0 travers le SIPR vous accompagne dans votre usage du num\u00e9rique et a pour objectif de vous faciliter l\u2019acc\u00e8s aux outils informatiques.<\/p><p>Acc\u00e9dez aux diff\u00e9rents services\u00a0 :<\/p><ul class=\"disc\"><li><strong>Des <a class=\"external\" href=\"https:\/\/moodle-lettres-25.sorbonne-universite.fr\/course\/index.php?categoryid=223\" target=\"_blank\" rel=\"noopener\">tutoriels<\/a><\/strong> : pour vous aider dans votre usage des outils informatiques et num\u00e9riques.\u00a0<\/li><li><strong>L\u2019<a class=\"external\" href=\"https:\/\/etu-lettres-sos-ent.paris-sorbonne.fr\/\" target=\"_blank\" rel=\"noopener\">assistance informatique<\/a><\/strong>: pour r\u00e9pondre \u00e0 vos questions et difficult\u00e9s rencontr\u00e9s li\u00e9es aux probl\u00e8mes informatiques.<\/li><li><strong>Le <a class=\"simple\" href=\"https:\/\/ent.sorbonne-universite.fr\/lettres-etudiants\/fr\/ressources-pedagogiques\/informatique\/pret-d-ordinateurs.html\">pr\u00eat d\u2019ordinateur portable<\/a>\u00a0: <\/strong>Pour vous faire b\u00e9n\u00e9ficier d\u2019un ordinateur portable adapt\u00e9 \u00e0 votre utilisation acad\u00e9mique.<\/li><li><strong>Des salles informatiques en libre-service\u00a0<\/strong>: Pour une utilisation occasionnelle de mat\u00e9riels informatiques et de logiciels sp\u00e9cifiques,\u00a0 une salle est mise \u00e0 disposition dans le site de Clignancourt<\/li><\/ul><\/div>\t\t\t\t\t\t\t\t<\/div>\n\t\t\t\t<\/div>\n\t\t\t\t<div class=\"elementor-element elementor-element-e1a1663 elementor-widget elementor-widget-heading\" data-id=\"e1a1663\" data-element_type=\"widget\" data-e-type=\"widget\" data-widget_type=\"heading.default\">\n\t\t\t\t<div class=\"elementor-widget-container\">\n\t\t\t\t\t<h2 class=\"elementor-heading-title elementor-size-default\">Projets en cours<\/h2>\t\t\t\t<\/div>\n\t\t\t\t<\/div>\n\t\t\t\t<div class=\"elementor-element elementor-element-e40460d elementor-widget elementor-widget-text-editor\" data-id=\"e40460d\" data-element_type=\"widget\" data-e-type=\"widget\" data-widget_type=\"text-editor.default\">\n\t\t\t\t<div class=\"elementor-widget-container\">\n\t\t\t\t\t\t\t\t\t<ul><li>refonte de la pr\u00e9sentation des tutoriels<\/li><li>mise \u00e0 jour des tutoriels<\/li><li>r\u00e9alisation de guide interactifs pour l&rsquo;usage des outils num\u00e9riques<\/li><\/ul>\t\t\t\t\t\t\t\t<\/div>\n\t\t\t\t<\/div>\n\t\t\t\t<div class=\"elementor-element elementor-element-69a7231 elementor-widget elementor-widget-heading\" data-id=\"69a7231\" data-element_type=\"widget\" data-e-type=\"widget\" data-widget_type=\"heading.default\">\n\t\t\t\t<div class=\"elementor-widget-container\">\n\t\t\t\t\t<h2 class=\"elementor-heading-title elementor-size-default\">Projets r\u00e9alis\u00e9s<\/h2>\t\t\t\t<\/div>\n\t\t\t\t<\/div>\n\t\t\t\t<div class=\"elementor-element elementor-element-16d13f0 elementor-widget elementor-widget-text-editor\" data-id=\"16d13f0\" data-element_type=\"widget\" data-e-type=\"widget\" data-widget_type=\"text-editor.default\">\n\t\t\t\t<div class=\"elementor-widget-container\">\n\t\t\t\t\t\t\t\t\t<ul><li>gestion des pr\u00eats de portable avec le logiciel Alma<\/li><li>vid\u00e9o de pr\u00e9sentation des services propos\u00e9s aux \u00e9tudiants<\/li><li>&#8230;<\/li><\/ul>\t\t\t\t\t\t\t\t<\/div>\n\t\t\t\t<\/div>\n\t\t\t\t\t<\/div>\n\t\t\t\t<\/div>\n\t\t<div class=\"elementor-element elementor-element-e94183f e-flex e-con-boxed e-con e-parent\" data-id=\"e94183f\" data-element_type=\"container\" data-e-type=\"container\">\n\t\t\t\t\t<div class=\"e-con-inner\">\n\t\t\t\t<div class=\"elementor-element elementor-element-7d3b2ec elementor-widget elementor-widget-heading\" data-id=\"7d3b2ec\" data-element_type=\"widget\" data-e-type=\"widget\" data-widget_type=\"heading.default\">\n\t\t\t\t<div class=\"elementor-widget-container\">\n\t\t\t\t\t<h2 class=\"elementor-heading-title elementor-size-default\"><div>Ressources<\/div><\/h2>\t\t\t\t<\/div>\n\t\t\t\t<\/div>\n\t\t\t\t<div class=\"elementor-element elementor-element-1e06bee elementor-widget elementor-widget-text-editor\" data-id=\"1e06bee\" data-element_type=\"widget\" data-e-type=\"widget\" data-widget_type=\"text-editor.default\">\n\t\t\t\t<div class=\"elementor-widget-container\">\n\t\t\t\t\t\t\t\t\t<ul><li>La vid\u00e9o de pr\u00e9sentation pour les \u00e9tudiants et les \u00e9tudiants (<a href=\"https:\/\/sipr.sorbonne-universite.fr\/\">page pr\u00e9sentation<\/a>)<\/li><li>Les <a href=\"https:\/\/moodle-lettres-25.sorbonne-universite.fr\/course\/index.php?categoryid=223\">tutoriels<\/a><\/li><\/ul>\t\t\t\t\t\t\t\t<\/div>\n\t\t\t\t<\/div>\n\t\t\t\t\t<\/div>\n\t\t\t\t<\/div>\n\t\t\t\t<\/div>\n\t\t","protected":false},"excerpt":{"rendered":"<p>Responsable : Adrien LAMINETTE Membres de la th\u00e9matique : Leila BEKKIS, Aristide DOUCET , Vanina LANGE Participe sur certains projets : R No events! Description Le SIPR vous facilite l\u2019acc\u00e8s [&hellip;]<\/p>\n","protected":false},"author":2,"featured_media":0,"parent":0,"menu_order":0,"comment_status":"closed","ping_status":"closed","template":"","meta":{"_acf_changed":false,"footnotes":""},"class_list":["post-603","page","type-page","status-publish","hentry"],"acf":[],"_links":{"self":[{"href":"https:\/\/sipr.sorbonne-universite.fr\/index.php\/wp-json\/wp\/v2\/pages\/603","targetHints":{"allow":["GET"]}}],"collection":[{"href":"https:\/\/sipr.sorbonne-universite.fr\/index.php\/wp-json\/wp\/v2\/pages"}],"about":[{"href":"https:\/\/sipr.sorbonne-universite.fr\/index.php\/wp-json\/wp\/v2\/types\/page"}],"author":[{"embeddable":true,"href":"https:\/\/sipr.sorbonne-universite.fr\/index.php\/wp-json\/wp\/v2\/users\/2"}],"replies":[{"embeddable":true,"href":"https:\/\/sipr.sorbonne-universite.fr\/index.php\/wp-json\/wp\/v2\/comments?post=603"}],"version-history":[{"count":61,"href":"https:\/\/sipr.sorbonne-universite.fr\/index.php\/wp-json\/wp\/v2\/pages\/603\/revisions"}],"predecessor-version":[{"id":1988,"href":"https:\/\/sipr.sorbonne-universite.fr\/index.php\/wp-json\/wp\/v2\/pages\/603\/revisions\/1988"}],"wp:attachment":[{"href":"https:\/\/sipr.sorbonne-universite.fr\/index.php\/wp-json\/wp\/v2\/media?parent=603"}],"curies":[{"name":"wp","href":"https:\/\/api.w.org\/{rel}","templated":true}]}}