{"id":602,"date":"2025-04-15T08:39:13","date_gmt":"2025-04-15T08:39:13","guid":{"rendered":"https:\/\/musing-jang.195-220-216-61.plesk.page\/?page_id=602"},"modified":"2026-02-17T08:36:41","modified_gmt":"2026-02-17T08:36:41","slug":"enseignants","status":"publish","type":"page","link":"https:\/\/sipr.sorbonne-universite.fr\/index.php\/enseignants\/","title":{"rendered":"Accompagnement des enseignantes et des enseignants"},"content":{"rendered":"\t\t<div data-elementor-type=\"wp-page\" data-elementor-id=\"602\" class=\"elementor elementor-602\" data-elementor-post-type=\"page\">\n\t\t\t\t<div class=\"elementor-element elementor-element-8e460c5 e-flex e-con-boxed e-con e-parent\" data-id=\"8e460c5\" data-element_type=\"container\" data-e-type=\"container\">\n\t\t\t\t\t<div class=\"e-con-inner\">\n\t\t<div class=\"elementor-element elementor-element-2386e29 e-con-full e-flex e-con e-child\" data-id=\"2386e29\" data-element_type=\"container\" data-e-type=\"container\">\n\t\t\t\t<div class=\"elementor-element elementor-element-27dbcf4 elementor-widget elementor-widget-text-editor\" data-id=\"27dbcf4\" data-element_type=\"widget\" data-e-type=\"widget\" data-widget_type=\"text-editor.default\">\n\t\t\t\t<div class=\"elementor-widget-container\">\n\t\t\t\t\t\t\t\t\t<p><strong>Responsable : <\/strong><a href=\"http:\/\/index.php\/ktoumi\">Katia TOUMI<\/a><\/p><p><strong>Membres de la th\u00e9matique<\/strong> : <a href=\"\/index.php\/jmetraud\">Julie METRAUD, <\/a><a href=\"\/index.php\/cgoulevant\">Christ\u00e8le GOULEVANT<\/a><\/p><p><strong>Participent sur certains projets<\/strong> : <a href=\"\/index.php\/lbekkis\">Leila BEKKIS<\/a>, <a href=\"\/index.php\/lgourmand\">Laetitia GOURMAND<\/a>, <a href=\"\/index.php\/alaminette\">Adrien LAMINETTE<\/a>, R<\/p>\t\t\t\t\t\t\t\t<\/div>\n\t\t\t\t<\/div>\n\t\t\t\t<\/div>\n\t\t<div class=\"elementor-element elementor-element-308f7b5 e-con-full e-flex e-con e-child\" data-id=\"308f7b5\" data-element_type=\"container\" data-e-type=\"container\">\n\t\t\t\t<div class=\"elementor-element elementor-element-935c9d0 elementor-widget elementor-widget-bdt-event-grid\" data-id=\"935c9d0\" data-element_type=\"widget\" data-e-type=\"widget\" data-widget_type=\"bdt-event-grid.default\">\n\t\t\t\t<div class=\"elementor-widget-container\">\n\t\t\t\t\t\t\t<div id=\"935c9d0\" class=\"bdt-event-grid bdt-event-calendar skin-default\">\n\t\t\t<div class=\"bdt-grid bdt-grid-medium bdt-child-width-1-1 bdt-child-width-1-2@s bdt-child-width-1-2@l\" bdt-grid>\n\n\t\t\t\t\t<div class=\"bdt-event-grid-item\">\n\n\t\t\t<div class=\"bdt-event-item-inner\">\n\n\t\t\t\t\n\t\t\t\t<div class=\"bdt-event-content\">\n\t\t\t\t\t<div class=\"bdt-event-intro\">\n\n\t\t\t\t\t\t\t\t<span class=\"bdt-event-date\">\n\t\t\t<a href=\"javascript:void(0);\" title=\"Start Date:1 juin, 10:00  - End Date:1 juin, 12:00\">\n\t\t\t\t<span class=\"bdt-event-day\">\n\t\t\t\t\t01\t\t\t\t<\/span>\n\t\t\t\t<span>\n\t\t\t\t\tJuin\t\t\t\t<\/span>\n\t\t\t<\/a>\n\t\t<\/span>\n\t\t\t\t\t\t\t<!-- Added New Header Wrapper -->\n\t\t\t\t\t\t<div class=\"bdt-event-header\">\n\t\t\t\t\t\t\t\n\t\t<h3 class=\"bdt-event-title-wrap\">\n\t\t\t<a href=\"https:\/\/sipr.sorbonne-universite.fr\/index.php\/event\/construire-des-ressources-interactives-avec-h5p-2\/\" class=\"bdt-event-title\">\n\t\t\t\tConstruire des ressources interactives avec H5P\t\t\t<\/a>\n\t\t<\/h3>\n\t\t\t\t\t\t\t\t\t\t\t\t\t\t<\/div>\t\n\n\t\t\t\t\t<\/div>\n\n\t\t\t\t\t\n\t\t\t\t<\/div>\n\n\t\t\t\t\n\t\t\t<\/div>\n\n\t\t<\/div>\n\t\t<div class=\"bdt-event-grid-item\">\n\n\t\t\t<div class=\"bdt-event-item-inner\">\n\n\t\t\t\t\n\t\t\t\t<div class=\"bdt-event-content\">\n\t\t\t\t\t<div class=\"bdt-event-intro\">\n\n\t\t\t\t\t\t\t\t<span class=\"bdt-event-date\">\n\t\t\t<a href=\"javascript:void(0);\" title=\"Start Date:2 juin, 10:00  - End Date:2 juin, 12:00\">\n\t\t\t\t<span class=\"bdt-event-day\">\n\t\t\t\t\t02\t\t\t\t<\/span>\n\t\t\t\t<span>\n\t\t\t\t\tJuin\t\t\t\t<\/span>\n\t\t\t<\/a>\n\t\t<\/span>\n\t\t\t\t\t\t\t<!-- Added New Header Wrapper -->\n\t\t\t\t\t\t<div class=\"bdt-event-header\">\n\t\t\t\t\t\t\t\n\t\t<h3 class=\"bdt-event-title-wrap\">\n\t\t\t<a href=\"https:\/\/sipr.sorbonne-universite.fr\/index.php\/event\/concevoir-un-cours-hybride-2\/\" class=\"bdt-event-title\">\n\t\t\t\tConcevoir un cours Hybride\t\t\t<\/a>\n\t\t<\/h3>\n\t\t\t\t\t\t\t\t\t\t\t\t\t\t<\/div>\t\n\n\t\t\t\t\t<\/div>\n\n\t\t\t\t\t\n\t\t\t\t<\/div>\n\n\t\t\t\t\n\t\t\t<\/div>\n\n\t\t<\/div>\n\t\t<div class=\"bdt-event-grid-item\">\n\n\t\t\t<div class=\"bdt-event-item-inner\">\n\n\t\t\t\t\n\t\t\t\t<div class=\"bdt-event-content\">\n\t\t\t\t\t<div class=\"bdt-event-intro\">\n\n\t\t\t\t\t\t\t\t<span class=\"bdt-event-date\">\n\t\t\t<a href=\"javascript:void(0);\" title=\"Start Date:3 juin, 10:00  - End Date:3 juin, 12:00\">\n\t\t\t\t<span class=\"bdt-event-day\">\n\t\t\t\t\t03\t\t\t\t<\/span>\n\t\t\t\t<span>\n\t\t\t\t\tJuin\t\t\t\t<\/span>\n\t\t\t<\/a>\n\t\t<\/span>\n\t\t\t\t\t\t\t<!-- Added New Header Wrapper -->\n\t\t\t\t\t\t<div class=\"bdt-event-header\">\n\t\t\t\t\t\t\t\n\t\t<h3 class=\"bdt-event-title-wrap\">\n\t\t\t<a href=\"https:\/\/sipr.sorbonne-universite.fr\/index.php\/event\/favoriser-lengagement-des-etudiants-par-le-jeu\/\" class=\"bdt-event-title\">\n\t\t\t\tFavoriser l&rsquo;engagement des \u00e9tudiants par le jeu\t\t\t<\/a>\n\t\t<\/h3>\n\t\t\t\t\t\t\t\t\t\t\t\t\t\t<\/div>\t\n\n\t\t\t\t\t<\/div>\n\n\t\t\t\t\t\n\t\t\t\t<\/div>\n\n\t\t\t\t\n\t\t\t<\/div>\n\n\t\t<\/div>\n\t\t<div class=\"bdt-event-grid-item\">\n\n\t\t\t<div class=\"bdt-event-item-inner\">\n\n\t\t\t\t\n\t\t\t\t<div class=\"bdt-event-content\">\n\t\t\t\t\t<div class=\"bdt-event-intro\">\n\n\t\t\t\t\t\t\t\t<span class=\"bdt-event-date\">\n\t\t\t<a href=\"javascript:void(0);\" title=\"Start Date:11 juin, 14:00  - End Date:11 juin, 16:00\">\n\t\t\t\t<span class=\"bdt-event-day\">\n\t\t\t\t\t11\t\t\t\t<\/span>\n\t\t\t\t<span>\n\t\t\t\t\tJuin\t\t\t\t<\/span>\n\t\t\t<\/a>\n\t\t<\/span>\n\t\t\t\t\t\t\t<!-- Added New Header Wrapper -->\n\t\t\t\t\t\t<div class=\"bdt-event-header\">\n\t\t\t\t\t\t\t\n\t\t<h3 class=\"bdt-event-title-wrap\">\n\t\t\t<a href=\"https:\/\/sipr.sorbonne-universite.fr\/index.php\/event\/comment-mettre-en-place-une-evaluation-efficace-2\/\" class=\"bdt-event-title\">\n\t\t\t\tComment mettre en place  une \u00e9valuation efficace ?\t\t\t<\/a>\n\t\t<\/h3>\n\t\t\t\t\t\t\t\t\t\t\t\t\t\t<\/div>\t\n\n\t\t\t\t\t<\/div>\n\n\t\t\t\t\t\n\t\t\t\t<\/div>\n\n\t\t\t\t\n\t\t\t<\/div>\n\n\t\t<\/div>\n\n\t\t\t<\/div>\n\t\t<\/div>\n\t\t\t\t\t<\/div>\n\t\t\t\t<\/div>\n\t\t\t\t<\/div>\n\t\t\t\t\t<\/div>\n\t\t\t\t<\/div>\n\t\t<div class=\"elementor-element elementor-element-7012aad e-flex e-con-boxed e-con e-parent\" data-id=\"7012aad\" data-element_type=\"container\" data-e-type=\"container\">\n\t\t\t\t\t<div class=\"e-con-inner\">\n\t\t\t\t<div class=\"elementor-element elementor-element-cf6ed92 elementor-grid-3 elementor-grid-tablet-2 elementor-grid-mobile-1 elementor-posts--thumbnail-top elementor-card-shadow-yes elementor-posts__hover-gradient elementor-widget elementor-widget-posts\" data-id=\"cf6ed92\" data-element_type=\"widget\" data-e-type=\"widget\" data-settings=\"{&quot;cards_columns&quot;:&quot;3&quot;,&quot;cards_columns_tablet&quot;:&quot;2&quot;,&quot;cards_columns_mobile&quot;:&quot;1&quot;,&quot;cards_row_gap&quot;:{&quot;unit&quot;:&quot;px&quot;,&quot;size&quot;:35,&quot;sizes&quot;:[]},&quot;cards_row_gap_tablet&quot;:{&quot;unit&quot;:&quot;px&quot;,&quot;size&quot;:&quot;&quot;,&quot;sizes&quot;:[]},&quot;cards_row_gap_mobile&quot;:{&quot;unit&quot;:&quot;px&quot;,&quot;size&quot;:&quot;&quot;,&quot;sizes&quot;:[]}}\" data-widget_type=\"posts.cards\">\n\t\t\t\t<div class=\"elementor-widget-container\">\n\t\t\t\t\t\t\t<div class=\"elementor-posts-container elementor-posts elementor-posts--skin-cards elementor-grid\" role=\"list\">\n\t\t\t\t<article class=\"elementor-post elementor-grid-item post-1821 post type-post status-publish format-standard has-post-thumbnail hentry category-accens category-audiovisuel\" role=\"listitem\">\n\t\t\t<div class=\"elementor-post__card\">\n\t\t\t\t<a class=\"elementor-post__thumbnail__link\" href=\"https:\/\/sipr.sorbonne-universite.fr\/index.php\/2025\/10\/23\/retour-sur-moodlemoot-25\/\" tabindex=\"-1\" target=\"_blank\"><div class=\"elementor-post__thumbnail\"><img decoding=\"async\" width=\"150\" height=\"136\" src=\"https:\/\/sipr.sorbonne-universite.fr\/wp-content\/uploads\/2025\/10\/MM25-150x136.jpg\" class=\"attachment-thumbnail size-thumbnail wp-image-1823\" alt=\"\" \/><\/div><\/a>\n\t\t\t\t<div class=\"elementor-post__text\">\n\t\t\t\t<h3 class=\"elementor-post__title\">\n\t\t\t<a href=\"https:\/\/sipr.sorbonne-universite.fr\/index.php\/2025\/10\/23\/retour-sur-moodlemoot-25\/\" target=&quot;_blank&quot;>\n\t\t\t\tRetour sur MoodleMoot 25\t\t\t<\/a>\n\t\t<\/h3>\n\t\t\t\t<div class=\"elementor-post__excerpt\">\n\t\t\t<p>Une vid\u00e9o exclusive r\u00e9alis\u00e9e par l\u2019ing\u00e9nieur audiovisuel du SIPR vous emm\u00e8ne \u00e0 la d\u00e9couverte des<\/p>\n\t\t<\/div>\n\t\t\t\t\t<div class=\"elementor-post__read-more-wrapper\">\n\t\t\n\t\t<a class=\"elementor-post__read-more\" href=\"https:\/\/sipr.sorbonne-universite.fr\/index.php\/2025\/10\/23\/retour-sur-moodlemoot-25\/\" aria-label=\"En savoir plus sur Retour sur MoodleMoot 25\" tabindex=\"-1\" target=\"_blank\">\n\t\t\tLire la suite \u00bb\t\t<\/a>\n\n\t\t\t\t\t<\/div>\n\t\t\t\t<\/div>\n\t\t\t\t\t<\/div>\n\t\t<\/article>\n\t\t\t\t<article class=\"elementor-post elementor-grid-item post-1726 post type-post status-publish format-standard has-post-thumbnail hentry category-accens category-applis\" role=\"listitem\">\n\t\t\t<div class=\"elementor-post__card\">\n\t\t\t\t<a class=\"elementor-post__thumbnail__link\" href=\"https:\/\/sipr.sorbonne-universite.fr\/index.php\/2025\/07\/24\/le-guide-des-outils-numeriques-de-sorbonne-universite\/\" tabindex=\"-1\" target=\"_blank\"><div class=\"elementor-post__thumbnail\"><img decoding=\"async\" width=\"150\" height=\"150\" src=\"https:\/\/sipr.sorbonne-universite.fr\/wp-content\/uploads\/2025\/04\/guideoutils224-e1744880531597-150x150.png\" class=\"attachment-thumbnail size-thumbnail wp-image-948\" alt=\"\" \/><\/div><\/a>\n\t\t\t\t<div class=\"elementor-post__text\">\n\t\t\t\t<h3 class=\"elementor-post__title\">\n\t\t\t<a href=\"https:\/\/sipr.sorbonne-universite.fr\/index.php\/2025\/07\/24\/le-guide-des-outils-numeriques-de-sorbonne-universite\/\" target=&quot;_blank&quot;>\n\t\t\t\tLe guide des outils num\u00e9riques de Sorbonne Universit\u00e9\t\t\t<\/a>\n\t\t<\/h3>\n\t\t\t\t<div class=\"elementor-post__excerpt\">\n\t\t\t<p>Class\u00e9s par verbes d&rsquo;action \u2013 comme se connecter, communiquer, collaborer, animer un cours ou se<\/p>\n\t\t<\/div>\n\t\t\t\t\t<div class=\"elementor-post__read-more-wrapper\">\n\t\t\n\t\t<a class=\"elementor-post__read-more\" href=\"https:\/\/sipr.sorbonne-universite.fr\/index.php\/2025\/07\/24\/le-guide-des-outils-numeriques-de-sorbonne-universite\/\" aria-label=\"En savoir plus sur Le guide des outils num\u00e9riques de Sorbonne Universit\u00e9\" tabindex=\"-1\" target=\"_blank\">\n\t\t\tLire la suite \u00bb\t\t<\/a>\n\n\t\t\t\t\t<\/div>\n\t\t\t\t<\/div>\n\t\t\t\t\t<\/div>\n\t\t<\/article>\n\t\t\t\t<article class=\"elementor-post elementor-grid-item post-1627 post type-post status-publish format-standard hentry category-accens category-semiweb\" role=\"listitem\">\n\t\t\t<div class=\"elementor-post__card\">\n\t\t\t\t<div class=\"elementor-post__text\">\n\t\t\t\t<h3 class=\"elementor-post__title\">\n\t\t\t<a href=\"https:\/\/sipr.sorbonne-universite.fr\/index.php\/2025\/07\/21\/de-laccessibilite-physique-a-laccessibilite-pedagogique-vers-un-renouvellement-des-problematiques-et-des-pratiques\/\" target=&quot;_blank&quot;>\n\t\t\t\tDe l\u2019accessibilit\u00e9 physique \u00e0 l\u2019accessibilit\u00e9 p\u00e9dagogique : vers un renouvellement des probl\u00e9matiques et des pratiques\t\t\t<\/a>\n\t\t<\/h3>\n\t\t\t\t<div class=\"elementor-post__excerpt\">\n\t\t\t<p>Intervenant : \u00a0Plaisance Eric R\u00e9sum\u00e9 : Les notions d\u2019acc\u00e8s et d\u2019accessibilit\u00e9 font partie du langage<\/p>\n\t\t<\/div>\n\t\t\t\t\t<div class=\"elementor-post__read-more-wrapper\">\n\t\t\n\t\t<a class=\"elementor-post__read-more\" href=\"https:\/\/sipr.sorbonne-universite.fr\/index.php\/2025\/07\/21\/de-laccessibilite-physique-a-laccessibilite-pedagogique-vers-un-renouvellement-des-problematiques-et-des-pratiques\/\" aria-label=\"En savoir plus sur De l\u2019accessibilit\u00e9 physique \u00e0 l\u2019accessibilit\u00e9 p\u00e9dagogique : vers un renouvellement des probl\u00e9matiques et des pratiques\" tabindex=\"-1\" target=\"_blank\">\n\t\t\tLire la suite \u00bb\t\t<\/a>\n\n\t\t\t\t\t<\/div>\n\t\t\t\t<\/div>\n\t\t\t\t\t<\/div>\n\t\t<\/article>\n\t\t\t\t<article class=\"elementor-post elementor-grid-item post-1429 post type-post status-publish format-standard hentry category-accens\" role=\"listitem\">\n\t\t\t<div class=\"elementor-post__card\">\n\t\t\t\t<div class=\"elementor-post__text\">\n\t\t\t\t<h3 class=\"elementor-post__title\">\n\t\t\t<a href=\"https:\/\/sipr.sorbonne-universite.fr\/index.php\/2025\/07\/17\/guide-interactif-wooclap\/\" target=&quot;_blank&quot;>\n\t\t\t\tGuide interactif Wooclap\t\t\t<\/a>\n\t\t<\/h3>\n\t\t\t\t<div class=\"elementor-post__excerpt\">\n\t\t\t<p>Un guide interactif con\u00e7u pour vous accompagner dans tous les aspects de l&rsquo;utilisation de Wooclap,<\/p>\n\t\t<\/div>\n\t\t\t\t\t<div class=\"elementor-post__read-more-wrapper\">\n\t\t\n\t\t<a class=\"elementor-post__read-more\" href=\"https:\/\/sipr.sorbonne-universite.fr\/index.php\/2025\/07\/17\/guide-interactif-wooclap\/\" aria-label=\"En savoir plus sur Guide interactif Wooclap\" tabindex=\"-1\" target=\"_blank\">\n\t\t\tLire la suite \u00bb\t\t<\/a>\n\n\t\t\t\t\t<\/div>\n\t\t\t\t<\/div>\n\t\t\t\t\t<\/div>\n\t\t<\/article>\n\t\t\t\t<article class=\"elementor-post elementor-grid-item post-880 post type-post status-publish format-standard hentry category-accens category-autoformation\" role=\"listitem\">\n\t\t\t<div class=\"elementor-post__card\">\n\t\t\t\t<div class=\"elementor-post__text\">\n\t\t\t\t<h3 class=\"elementor-post__title\">\n\t\t\t<a href=\"https:\/\/sipr.sorbonne-universite.fr\/index.php\/2025\/04\/16\/elementor-880\/\" target=&quot;_blank&quot;>\n\t\t\t\tParcours BCP\t\t\t<\/a>\n\t\t<\/h3>\n\t\t\t\t<div class=\"elementor-post__excerpt\">\n\t\t\t<p>Le Parcours BCP est un parcours en auto-formation destin\u00e9 au personnel enseignant de la Facult\u00e9<\/p>\n\t\t<\/div>\n\t\t\t\t\t<div class=\"elementor-post__read-more-wrapper\">\n\t\t\n\t\t<a class=\"elementor-post__read-more\" href=\"https:\/\/sipr.sorbonne-universite.fr\/index.php\/2025\/04\/16\/elementor-880\/\" aria-label=\"En savoir plus sur Parcours BCP\" tabindex=\"-1\" target=\"_blank\">\n\t\t\tLire la suite \u00bb\t\t<\/a>\n\n\t\t\t\t\t<\/div>\n\t\t\t\t<\/div>\n\t\t\t\t\t<\/div>\n\t\t<\/article>\n\t\t\t\t<article class=\"elementor-post elementor-grid-item post-1415 post type-post status-publish format-standard hentry category-accens category-autoformation\" role=\"listitem\">\n\t\t\t<div class=\"elementor-post__card\">\n\t\t\t\t<div class=\"elementor-post__text\">\n\t\t\t\t<h3 class=\"elementor-post__title\">\n\t\t\t<a href=\"https:\/\/sipr.sorbonne-universite.fr\/index.php\/2025\/07\/17\/parcours-one\/\" target=&quot;_blank&quot;>\n\t\t\t\tParcours ONE\t\t\t<\/a>\n\t\t<\/h3>\n\t\t\t\t<div class=\"elementor-post__excerpt\">\n\t\t\t<p>Le parcours ONE est un parcours de formation \u00e0 distance (en auto-formation) qui se compose<\/p>\n\t\t<\/div>\n\t\t\t\t\t<div class=\"elementor-post__read-more-wrapper\">\n\t\t\n\t\t<a class=\"elementor-post__read-more\" href=\"https:\/\/sipr.sorbonne-universite.fr\/index.php\/2025\/07\/17\/parcours-one\/\" aria-label=\"En savoir plus sur Parcours ONE\" tabindex=\"-1\" target=\"_blank\">\n\t\t\tLire la suite \u00bb\t\t<\/a>\n\n\t\t\t\t\t<\/div>\n\t\t\t\t<\/div>\n\t\t\t\t\t<\/div>\n\t\t<\/article>\n\t\t\t\t<\/div>\n\t\t\n\t\t\t\t\t\t<\/div>\n\t\t\t\t<\/div>\n\t\t\t\t\t<\/div>\n\t\t\t\t<\/div>\n\t\t<div class=\"elementor-element elementor-element-b80fb0d e-flex e-con-boxed e-con e-parent\" data-id=\"b80fb0d\" data-element_type=\"container\" data-e-type=\"container\">\n\t\t\t\t\t<div class=\"e-con-inner\">\n\t\t\t\t<div class=\"elementor-element elementor-element-add10d9 elementor-widget elementor-widget-heading\" data-id=\"add10d9\" data-element_type=\"widget\" data-e-type=\"widget\" data-widget_type=\"heading.default\">\n\t\t\t\t<div class=\"elementor-widget-container\">\n\t\t\t\t\t<h2 class=\"elementor-heading-title elementor-size-default\">Description<\/h2>\t\t\t\t<\/div>\n\t\t\t\t<\/div>\n\t\t\t\t<div class=\"elementor-element elementor-element-4e78a5a elementor-widget elementor-widget-text-editor\" data-id=\"4e78a5a\" data-element_type=\"widget\" data-e-type=\"widget\" data-widget_type=\"text-editor.default\">\n\t\t\t\t<div class=\"elementor-widget-container\">\n\t\t\t\t\t\t\t\t\t<p>Le SIPR propose tout au long de l\u2019ann\u00e9e un large \u00e9ventail de services pour accompagner les enseignantes et enseignants dans l\u2019innovation p\u00e9dagogique et l\u2019utilisation des technologies adapt\u00e9es, gr\u00e2ce \u00e0 des tutoriels, des formations, des rendez-vous et des s\u00e9minaires en ligne.<\/p><p>\u00a0<\/p><p><strong>Des tutoriels et guides interactifs<\/strong>, accessibles via l\u2019ENT ou Moodle.<\/p><p><strong>Des formations<\/strong>, avec deux sessions organis\u00e9es en janvier et en juin, ainsi que des parcours en auto-formation disponibles sur Moodle.<\/p><p><strong>Des s\u00e9minaires en ligne (les S\u00e9miwebs)<\/strong>, propos\u00e9s sur des th\u00e9matiques li\u00e9es aux approches p\u00e9dagogiques, aux pratiques innovantes et aux outils num\u00e9riques, avec la participation d\u2019experts nationaux et internationaux.<\/p><p><strong>Des rendez-vous individuels sur demande<\/strong>, pour r\u00e9pondre \u00e0 vos questions concernant les approches p\u00e9dagogiques ou le choix d\u2019outils adapt\u00e9s \u00e0 vos activit\u00e9s d\u2019enseignement.<\/p><p><strong>Un accompagnement personnalis\u00e9<\/strong>, pour vous soutenir dans la r\u00e9alisation de vos projets d\u2019hybridation de cours.<\/p>\t\t\t\t\t\t\t\t<\/div>\n\t\t\t\t<\/div>\n\t\t\t\t<div class=\"elementor-element elementor-element-edaff84 elementor-widget elementor-widget-heading\" data-id=\"edaff84\" data-element_type=\"widget\" data-e-type=\"widget\" data-widget_type=\"heading.default\">\n\t\t\t\t<div class=\"elementor-widget-container\">\n\t\t\t\t\t<h2 class=\"elementor-heading-title elementor-size-default\">Projets en cours<\/h2>\t\t\t\t<\/div>\n\t\t\t\t<\/div>\n\t\t\t\t<div class=\"elementor-element elementor-element-c55432c elementor-widget elementor-widget-text-editor\" data-id=\"c55432c\" data-element_type=\"widget\" data-e-type=\"widget\" data-widget_type=\"text-editor.default\">\n\t\t\t\t<div class=\"elementor-widget-container\">\n\t\t\t\t\t\t\t\t\t<ul><li>Refonte de la pr\u00e9sentation des tutoriels destin\u00e9s aux enseignants et au personnel, pour une meilleure organisation visuelle, une accessibilit\u00e9 renforc\u00e9e et une navigation facilit\u00e9e et cr\u00e9ation de nouveaux guides interactifs et tutoriels vid\u00e9o.<\/li><li>Conception d\u2019un jeu s\u00e9rieux sur le th\u00e8me de la propri\u00e9t\u00e9 intellectuelle, destin\u00e9 \u00e0 sensibiliser et former de mani\u00e8re ludique.<\/li><\/ul>\t\t\t\t\t\t\t\t<\/div>\n\t\t\t\t<\/div>\n\t\t\t\t<div class=\"elementor-element elementor-element-b594bb1 elementor-widget elementor-widget-heading\" data-id=\"b594bb1\" data-element_type=\"widget\" data-e-type=\"widget\" data-widget_type=\"heading.default\">\n\t\t\t\t<div class=\"elementor-widget-container\">\n\t\t\t\t\t<h2 class=\"elementor-heading-title elementor-size-default\">Projets r\u00e9alis\u00e9s<\/h2>\t\t\t\t<\/div>\n\t\t\t\t<\/div>\n\t\t\t\t<div class=\"elementor-element elementor-element-5054a91 elementor-widget elementor-widget-text-editor\" data-id=\"5054a91\" data-element_type=\"widget\" data-e-type=\"widget\" data-widget_type=\"text-editor.default\">\n\t\t\t\t<div class=\"elementor-widget-container\">\n\t\t\t\t\t\t\t\t\t<ul><li>Parcours ONE\u00a0: Outils Num\u00e9riques pour l\u2019Enseignement<\/li><li>Parcours BCP : Bases de la Conception P\u00e9dagogique<\/li><li>Guide interactif Wooclap\u00a0<\/li><\/ul>\t\t\t\t\t\t\t\t<\/div>\n\t\t\t\t<\/div>\n\t\t\t\t\t<\/div>\n\t\t\t\t<\/div>\n\t\t<div class=\"elementor-element elementor-element-e94183f e-flex e-con-boxed e-con e-parent\" data-id=\"e94183f\" data-element_type=\"container\" data-e-type=\"container\">\n\t\t\t\t\t<div class=\"e-con-inner\">\n\t\t\t\t<div class=\"elementor-element elementor-element-7d3b2ec elementor-widget elementor-widget-heading\" data-id=\"7d3b2ec\" data-element_type=\"widget\" data-e-type=\"widget\" data-widget_type=\"heading.default\">\n\t\t\t\t<div class=\"elementor-widget-container\">\n\t\t\t\t\t<h2 class=\"elementor-heading-title elementor-size-default\"><div>Ressources<\/div><\/h2>\t\t\t\t<\/div>\n\t\t\t\t<\/div>\n\t\t\t\t<div class=\"elementor-element elementor-element-1e06bee elementor-widget elementor-widget-text-editor\" data-id=\"1e06bee\" data-element_type=\"widget\" data-e-type=\"widget\" data-widget_type=\"text-editor.default\">\n\t\t\t\t<div class=\"elementor-widget-container\">\n\t\t\t\t\t\t\t\t\t<p>D\u00e9couvrez l\u2019ensemble des <a href=\"https:\/\/moodle-lettres-25.sorbonne-universite.fr\/course\/index.php?categoryid=224\">guides interactifs et tutoriels<\/a> propos\u00e9s par le SIPR<\/p>\t\t\t\t\t\t\t\t<\/div>\n\t\t\t\t<\/div>\n\t\t\t\t\t<\/div>\n\t\t\t\t<\/div>\n\t\t\t\t<\/div>\n\t\t","protected":false},"excerpt":{"rendered":"<p>Responsable : Katia TOUMI Membres de la th\u00e9matique : Julie METRAUD, Christ\u00e8le GOULEVANT Participent sur certains projets : Leila BEKKIS, Laetitia GOURMAND, Adrien LAMINETTE, R 19 Mar S\u00e9miweb \u00ab\u00a0Hub \u00e9ducatif, [&hellip;]<\/p>\n","protected":false},"author":2,"featured_media":0,"parent":0,"menu_order":0,"comment_status":"closed","ping_status":"closed","template":"","meta":{"_acf_changed":false,"footnotes":""},"class_list":["post-602","page","type-page","status-publish","hentry"],"acf":[],"_links":{"self":[{"href":"https:\/\/sipr.sorbonne-universite.fr\/index.php\/wp-json\/wp\/v2\/pages\/602","targetHints":{"allow":["GET"]}}],"collection":[{"href":"https:\/\/sipr.sorbonne-universite.fr\/index.php\/wp-json\/wp\/v2\/pages"}],"about":[{"href":"https:\/\/sipr.sorbonne-universite.fr\/index.php\/wp-json\/wp\/v2\/types\/page"}],"author":[{"embeddable":true,"href":"https:\/\/sipr.sorbonne-universite.fr\/index.php\/wp-json\/wp\/v2\/users\/2"}],"replies":[{"embeddable":true,"href":"https:\/\/sipr.sorbonne-universite.fr\/index.php\/wp-json\/wp\/v2\/comments?post=602"}],"version-history":[{"count":109,"href":"https:\/\/sipr.sorbonne-universite.fr\/index.php\/wp-json\/wp\/v2\/pages\/602\/revisions"}],"predecessor-version":[{"id":1985,"href":"https:\/\/sipr.sorbonne-universite.fr\/index.php\/wp-json\/wp\/v2\/pages\/602\/revisions\/1985"}],"wp:attachment":[{"href":"https:\/\/sipr.sorbonne-universite.fr\/index.php\/wp-json\/wp\/v2\/media?parent=602"}],"curies":[{"name":"wp","href":"https:\/\/api.w.org\/{rel}","templated":true}]}}