{"id":512,"date":"2025-04-14T15:59:24","date_gmt":"2025-04-14T15:59:24","guid":{"rendered":"https:\/\/musing-jang.195-220-216-61.plesk.page\/?page_id=512"},"modified":"2025-05-28T08:44:48","modified_gmt":"2025-05-28T08:44:48","slug":"lgourmand","status":"publish","type":"page","link":"https:\/\/sipr.sorbonne-universite.fr\/index.php\/lgourmand\/","title":{"rendered":"Laetitia GOURMAND"},"content":{"rendered":"\t\t<div data-elementor-type=\"wp-page\" data-elementor-id=\"512\" class=\"elementor elementor-512\" data-elementor-post-type=\"page\">\n\t\t\t\t<div class=\"elementor-element elementor-element-51ee26b e-flex e-con-boxed e-con e-parent\" data-id=\"51ee26b\" data-element_type=\"container\" data-e-type=\"container\">\n\t\t\t\t\t<div class=\"e-con-inner\">\n\t\t\t\t<div class=\"elementor-element elementor-element-1fc9ad1 elementor-widget elementor-widget-bdt-image-stack\" data-id=\"1fc9ad1\" data-element_type=\"widget\" data-e-type=\"widget\" data-widget_type=\"bdt-image-stack.default\">\n\t\t\t\t<div class=\"elementor-widget-container\">\n\t\t\t\t\t\t\t<div class=\"bdt-image-stack\">\n\t\t\t\t\t\t\t<div class=\"bdt-ep-image-stack-item elementor-repeater-item-7b899c9\" data-tippy-content=\"\">\n\t\t\t\t\t\t\t\t\t\t\t<span>\n\t\t\t\t\t\t\t<img fetchpriority=\"high\" decoding=\"async\" width=\"224\" height=\"224\" src=\"https:\/\/sipr.sorbonne-universite.fr\/wp-content\/uploads\/2025\/01\/vignetteidentiteneutre224.jpg\" class=\"attachment-medium size-medium\" alt=\"\" srcset=\"https:\/\/sipr.sorbonne-universite.fr\/wp-content\/uploads\/2025\/01\/vignetteidentiteneutre224.jpg 224w, https:\/\/sipr.sorbonne-universite.fr\/wp-content\/uploads\/2025\/01\/vignetteidentiteneutre224-150x150.jpg 150w\" sizes=\"(max-width: 224px) 100vw, 224px\" \/>\t\t\t\t\t\t<\/span>\n\t\t\t\t\t\t\t\t\t<\/div>\n\t\t\t\t\t<\/div>\n\t\t\t\t\t\t<\/div>\n\t\t\t\t<\/div>\n\t\t\t\t<div class=\"elementor-element elementor-element-1645f58 elementor-widget elementor-widget-text-editor\" data-id=\"1645f58\" data-element_type=\"widget\" data-e-type=\"widget\" data-widget_type=\"text-editor.default\">\n\t\t\t\t<div class=\"elementor-widget-container\">\n\t\t\t\t\t\t\t\t\t<h5>Ing\u00e9nieure p\u00e9dagogique<\/h5><p>R\u00e9r\u00e9rente \u00ab\u00a0Approche par comp\u00e9tence\u00a0\u00bb<\/p><p>R\u00e9f\u00e9rente \u00ab\u00a0Sobri\u00e9t\u00e9 num\u00e9rique\u00a0\u00bb<\/p><p>Assistante de pr\u00e9vention<\/p>\t\t\t\t\t\t\t\t<\/div>\n\t\t\t\t<\/div>\n\t\t\t\t<div class=\"elementor-element elementor-element-34a4794 elementor-shape-rounded elementor-grid-0 e-grid-align-center elementor-widget elementor-widget-social-icons\" data-id=\"34a4794\" data-element_type=\"widget\" data-e-type=\"widget\" data-widget_type=\"social-icons.default\">\n\t\t\t\t<div class=\"elementor-widget-container\">\n\t\t\t\t\t\t\t<div class=\"elementor-social-icons-wrapper elementor-grid\">\n\t\t\t\t\t\t\t<span class=\"elementor-grid-item\">\n\t\t\t\t\t<a class=\"elementor-icon elementor-social-icon elementor-social-icon-linkedin elementor-repeater-item-36710f4\" href=\"https:\/\/www.linkedin.com\/in\/laetitia-gourmand-aa163397\/\" target=\"_blank\">\n\t\t\t\t\t\t<span class=\"elementor-screen-only\">Linkedin<\/span>\n\t\t\t\t\t\t<svg aria-hidden=\"true\" class=\"e-font-icon-svg e-fab-linkedin\" viewBox=\"0 0 448 512\" xmlns=\"http:\/\/www.w3.org\/2000\/svg\"><path d=\"M416 32H31.9C14.3 32 0 46.5 0 64.3v383.4C0 465.5 14.3 480 31.9 480H416c17.6 0 32-14.5 32-32.3V64.3c0-17.8-14.4-32.3-32-32.3zM135.4 416H69V202.2h66.5V416zm-33.2-243c-21.3 0-38.5-17.3-38.5-38.5S80.9 96 102.2 96c21.2 0 38.5 17.3 38.5 38.5 0 21.3-17.2 38.5-38.5 38.5zm282.1 243h-66.4V312c0-24.8-.5-56.7-34.5-56.7-34.6 0-39.9 27-39.9 54.9V416h-66.4V202.2h63.7v29.2h.9c8.9-16.8 30.6-34.5 62.9-34.5 67.2 0 79.7 44.3 79.7 101.9V416z\"><\/path><\/svg>\t\t\t\t\t<\/a>\n\t\t\t\t<\/span>\n\t\t\t\t\t<\/div>\n\t\t\t\t\t\t<\/div>\n\t\t\t\t<\/div>\n\t\t\t\t\t<\/div>\n\t\t\t\t<\/div>\n\t\t\t\t<\/div>\n\t\t","protected":false},"excerpt":{"rendered":"<p>Ing\u00e9nieure p\u00e9dagogique R\u00e9r\u00e9rente \u00ab\u00a0Approche par comp\u00e9tence\u00a0\u00bb R\u00e9f\u00e9rente \u00ab\u00a0Sobri\u00e9t\u00e9 num\u00e9rique\u00a0\u00bb Assistante de pr\u00e9vention Linkedin<\/p>\n","protected":false},"author":2,"featured_media":0,"parent":0,"menu_order":0,"comment_status":"closed","ping_status":"closed","template":"","meta":{"_acf_changed":false,"footnotes":""},"class_list":["post-512","page","type-page","status-publish","hentry"],"acf":[],"_links":{"self":[{"href":"https:\/\/sipr.sorbonne-universite.fr\/index.php\/wp-json\/wp\/v2\/pages\/512","targetHints":{"allow":["GET"]}}],"collection":[{"href":"https:\/\/sipr.sorbonne-universite.fr\/index.php\/wp-json\/wp\/v2\/pages"}],"about":[{"href":"https:\/\/sipr.sorbonne-universite.fr\/index.php\/wp-json\/wp\/v2\/types\/page"}],"author":[{"embeddable":true,"href":"https:\/\/sipr.sorbonne-universite.fr\/index.php\/wp-json\/wp\/v2\/users\/2"}],"replies":[{"embeddable":true,"href":"https:\/\/sipr.sorbonne-universite.fr\/index.php\/wp-json\/wp\/v2\/comments?post=512"}],"version-history":[{"count":7,"href":"https:\/\/sipr.sorbonne-universite.fr\/index.php\/wp-json\/wp\/v2\/pages\/512\/revisions"}],"predecessor-version":[{"id":1316,"href":"https:\/\/sipr.sorbonne-universite.fr\/index.php\/wp-json\/wp\/v2\/pages\/512\/revisions\/1316"}],"wp:attachment":[{"href":"https:\/\/sipr.sorbonne-universite.fr\/index.php\/wp-json\/wp\/v2\/media?parent=512"}],"curies":[{"name":"wp","href":"https:\/\/api.w.org\/{rel}","templated":true}]}}