{"id":424,"date":"2025-04-14T13:37:03","date_gmt":"2025-04-14T13:37:03","guid":{"rendered":"https:\/\/musing-jang.195-220-216-61.plesk.page\/?page_id=424"},"modified":"2026-02-17T08:34:32","modified_gmt":"2026-02-17T08:34:32","slug":"sobriete","status":"publish","type":"page","link":"https:\/\/sipr.sorbonne-universite.fr\/index.php\/sobriete\/","title":{"rendered":"Sobri\u00e9t\u00e9 num\u00e9rique"},"content":{"rendered":"\t\t<div data-elementor-type=\"wp-page\" data-elementor-id=\"424\" class=\"elementor elementor-424\" data-elementor-post-type=\"page\">\n\t\t\t\t<div class=\"elementor-element elementor-element-8e460c5 e-flex e-con-boxed e-con e-parent\" data-id=\"8e460c5\" data-element_type=\"container\" data-e-type=\"container\">\n\t\t\t\t\t<div class=\"e-con-inner\">\n\t\t<div class=\"elementor-element elementor-element-2386e29 e-con-full e-flex e-con e-child\" data-id=\"2386e29\" data-element_type=\"container\" data-e-type=\"container\">\n\t\t\t\t<div class=\"elementor-element elementor-element-27dbcf4 elementor-widget elementor-widget-text-editor\" data-id=\"27dbcf4\" data-element_type=\"widget\" data-e-type=\"widget\" data-widget_type=\"text-editor.default\">\n\t\t\t\t<div class=\"elementor-widget-container\">\n\t\t\t\t\t\t\t\t\t<p><strong>Responsable : <\/strong><a href=\"\/index.php\/lgourmand\">Laetitia GOURMAND<\/a><\/p><p><strong>Membres de la th\u00e9matique<\/strong> :\u00a0 <a href=\"\/index.php\/wchakroun\">Wiem CHAKROUN<\/a>, <a href=\"\/index.php\/lmenant\">Loice MENANT<\/a>,\u00a0 <a href=\"\/index.php\/jmetraud\">Julie METRAUD<\/a><\/p>\t\t\t\t\t\t\t\t<\/div>\n\t\t\t\t<\/div>\n\t\t\t\t<\/div>\n\t\t<div class=\"elementor-element elementor-element-308f7b5 e-con-full e-flex e-con e-child\" data-id=\"308f7b5\" data-element_type=\"container\" data-e-type=\"container\">\n\t\t\t\t<div class=\"elementor-element elementor-element-78c0279 elementor-widget elementor-widget-bdt-event-grid\" data-id=\"78c0279\" data-element_type=\"widget\" data-e-type=\"widget\" data-widget_type=\"bdt-event-grid.default\">\n\t\t\t\t<div class=\"elementor-widget-container\">\n\t\t\t\t\t\t\t<div id=\"78c0279\" class=\"bdt-event-grid bdt-event-calendar skin-default\">\n\t\t\t<div class=\"bdt-grid bdt-grid-medium bdt-child-width-1-1 bdt-child-width-1-2@s bdt-child-width-1-2@l\" bdt-grid>\n\n\t\t\t<div class=\"bdt-alert bdt-alert-warning\">No events!<\/div>\n\t\t\t<\/div>\n\t\t<\/div>\n\t\t\t\t\t<\/div>\n\t\t\t\t<\/div>\n\t\t\t\t<\/div>\n\t\t\t\t\t<\/div>\n\t\t\t\t<\/div>\n\t\t<div class=\"elementor-element elementor-element-a0026d2 e-flex e-con-boxed e-con e-parent\" data-id=\"a0026d2\" data-element_type=\"container\" data-e-type=\"container\">\n\t\t\t\t\t<div class=\"e-con-inner\">\n\t\t\t\t<div class=\"elementor-element elementor-element-92d223e elementor-grid-3 elementor-grid-tablet-2 elementor-grid-mobile-1 elementor-posts--thumbnail-top elementor-card-shadow-yes elementor-posts__hover-gradient elementor-widget elementor-widget-posts\" data-id=\"92d223e\" data-element_type=\"widget\" data-e-type=\"widget\" data-settings=\"{&quot;cards_columns&quot;:&quot;3&quot;,&quot;cards_columns_tablet&quot;:&quot;2&quot;,&quot;cards_columns_mobile&quot;:&quot;1&quot;,&quot;cards_row_gap&quot;:{&quot;unit&quot;:&quot;px&quot;,&quot;size&quot;:35,&quot;sizes&quot;:[]},&quot;cards_row_gap_tablet&quot;:{&quot;unit&quot;:&quot;px&quot;,&quot;size&quot;:&quot;&quot;,&quot;sizes&quot;:[]},&quot;cards_row_gap_mobile&quot;:{&quot;unit&quot;:&quot;px&quot;,&quot;size&quot;:&quot;&quot;,&quot;sizes&quot;:[]}}\" data-widget_type=\"posts.cards\">\n\t\t\t\t<div class=\"elementor-widget-container\">\n\t\t\t\t\t\t\t<div class=\"elementor-posts-container elementor-posts elementor-posts--skin-cards elementor-grid\" role=\"list\">\n\t\t\t\t<article class=\"elementor-post elementor-grid-item post-1841 post type-post status-publish format-standard has-post-thumbnail hentry category-sobnum\" role=\"listitem\">\n\t\t\t<div class=\"elementor-post__card\">\n\t\t\t\t<a class=\"elementor-post__thumbnail__link\" href=\"https:\/\/sipr.sorbonne-universite.fr\/index.php\/2025\/12\/05\/la-formation-la-fresque-du-numerique-arrive-nous-sommes-prets-a-partager-notre-experience-avec-vous\/\" tabindex=\"-1\" ><div class=\"elementor-post__thumbnail\"><img decoding=\"async\" width=\"150\" height=\"150\" src=\"https:\/\/sipr.sorbonne-universite.fr\/wp-content\/uploads\/2025\/12\/J_ai_20participe_CC_81224-150x150.png\" class=\"attachment-thumbnail size-thumbnail wp-image-1844\" alt=\"\" srcset=\"https:\/\/sipr.sorbonne-universite.fr\/wp-content\/uploads\/2025\/12\/J_ai_20participe_CC_81224-150x150.png 150w, https:\/\/sipr.sorbonne-universite.fr\/wp-content\/uploads\/2025\/12\/J_ai_20participe_CC_81224.png 200w\" sizes=\"(max-width: 150px) 100vw, 150px\" \/><\/div><\/a>\n\t\t\t\t<div class=\"elementor-post__text\">\n\t\t\t\t<h3 class=\"elementor-post__title\">\n\t\t\t<a href=\"https:\/\/sipr.sorbonne-universite.fr\/index.php\/2025\/12\/05\/la-formation-la-fresque-du-numerique-arrive-nous-sommes-prets-a-partager-notre-experience-avec-vous\/\" >\n\t\t\t\tLa formation \u00ab\u00a0La Fresque du Num\u00e9rique\u00a0\u00bb arrive : nous sommes pr\u00eats \u00e0 partager notre exp\u00e9rience avec vous !\t\t\t<\/a>\n\t\t<\/h3>\n\t\t\t\t<div class=\"elementor-post__excerpt\">\n\t\t\t<p>\u00a0L&rsquo;\u00e9quipe du SIPR est d\u00e9sormais form\u00e9e \u00e0 \u00ab\u00a0La Fresque du Num\u00e9rique\u00a0\u00bb. Aujourd&rsquo;hui, nous souhaitons transmettre<\/p>\n\t\t<\/div>\n\t\t\n\t\t<a class=\"elementor-post__read-more\" href=\"https:\/\/sipr.sorbonne-universite.fr\/index.php\/2025\/12\/05\/la-formation-la-fresque-du-numerique-arrive-nous-sommes-prets-a-partager-notre-experience-avec-vous\/\" aria-label=\"En savoir plus sur La formation \u00ab\u00a0La Fresque du Num\u00e9rique\u00a0\u00bb arrive : nous sommes pr\u00eats \u00e0 partager notre exp\u00e9rience avec vous !\" tabindex=\"-1\" >\n\t\t\tLire la suite \u00bb\t\t<\/a>\n\n\t\t\t\t<\/div>\n\t\t\t\t\t<\/div>\n\t\t<\/article>\n\t\t\t\t<article class=\"elementor-post elementor-grid-item post-1632 post type-post status-publish format-standard hentry category-semiweb category-sobnum\" role=\"listitem\">\n\t\t\t<div class=\"elementor-post__card\">\n\t\t\t\t<div class=\"elementor-post__text\">\n\t\t\t\t<h3 class=\"elementor-post__title\">\n\t\t\t<a href=\"https:\/\/sipr.sorbonne-universite.fr\/index.php\/2025\/07\/21\/la-sobriete-numerique-une-urgence-pedagogique\/\" >\n\t\t\t\tLa sobri\u00e9t\u00e9 num\u00e9rique : une urgence p\u00e9dagogique\t\t\t<\/a>\n\t\t<\/h3>\n\t\t\t\t<div class=\"elementor-post__excerpt\">\n\t\t\t<p>Intervenant : \u00a0Descamps Sarah R\u00e9sum\u00e9 : Objets connect\u00e9s, z\u00e9ro d\u00e9chet, voitures autonomes, marches pour le<\/p>\n\t\t<\/div>\n\t\t\n\t\t<a class=\"elementor-post__read-more\" href=\"https:\/\/sipr.sorbonne-universite.fr\/index.php\/2025\/07\/21\/la-sobriete-numerique-une-urgence-pedagogique\/\" aria-label=\"En savoir plus sur La sobri\u00e9t\u00e9 num\u00e9rique : une urgence p\u00e9dagogique\" tabindex=\"-1\" >\n\t\t\tLire la suite \u00bb\t\t<\/a>\n\n\t\t\t\t<\/div>\n\t\t\t\t\t<\/div>\n\t\t<\/article>\n\t\t\t\t<article class=\"elementor-post elementor-grid-item post-1613 post type-post status-publish format-standard hentry category-semiweb category-sobnum\" role=\"listitem\">\n\t\t\t<div class=\"elementor-post__card\">\n\t\t\t\t<div class=\"elementor-post__text\">\n\t\t\t\t<h3 class=\"elementor-post__title\">\n\t\t\t<a href=\"https:\/\/sipr.sorbonne-universite.fr\/index.php\/2025\/07\/21\/sobriete-numerique-les-cles-pour-comprendre-et-agir\/\" >\n\t\t\t\tSobri\u00e9t\u00e9 num\u00e9rique : les cl\u00e9s pour comprendre et agir\t\t\t<\/a>\n\t\t<\/h3>\n\t\t\t\t<div class=\"elementor-post__excerpt\">\n\t\t\t<p>Intervenant : \u00a0Bordage Fr\u00e9d\u00e9ric R\u00e9sum\u00e9 : Le num\u00e9rique est un 7\u00e8me continent en termes d\u2019impacts<\/p>\n\t\t<\/div>\n\t\t\n\t\t<a class=\"elementor-post__read-more\" href=\"https:\/\/sipr.sorbonne-universite.fr\/index.php\/2025\/07\/21\/sobriete-numerique-les-cles-pour-comprendre-et-agir\/\" aria-label=\"En savoir plus sur Sobri\u00e9t\u00e9 num\u00e9rique : les cl\u00e9s pour comprendre et agir\" tabindex=\"-1\" >\n\t\t\tLire la suite \u00bb\t\t<\/a>\n\n\t\t\t\t<\/div>\n\t\t\t\t\t<\/div>\n\t\t<\/article>\n\t\t\t\t<\/div>\n\t\t\n\t\t\t\t\t\t<\/div>\n\t\t\t\t<\/div>\n\t\t\t\t\t<\/div>\n\t\t\t\t<\/div>\n\t\t<div class=\"elementor-element elementor-element-24a4da5 e-flex e-con-boxed e-con e-parent\" data-id=\"24a4da5\" data-element_type=\"container\" data-e-type=\"container\">\n\t\t\t\t\t<div class=\"e-con-inner\">\n\t\t\t\t<div class=\"elementor-element elementor-element-18dbc7a elementor-widget elementor-widget-image\" data-id=\"18dbc7a\" data-element_type=\"widget\" data-e-type=\"widget\" data-widget_type=\"image.default\">\n\t\t\t\t<div class=\"elementor-widget-container\">\n\t\t\t\t\t\t\t\t\t\t\t\t\t\t\t<img fetchpriority=\"high\" decoding=\"async\" width=\"800\" height=\"248\" src=\"https:\/\/sipr.sorbonne-universite.fr\/wp-content\/uploads\/2025\/07\/AdobeStock_364346670-1024x318.jpeg\" class=\"attachment-large size-large wp-image-1362\" alt=\"\" srcset=\"https:\/\/sipr.sorbonne-universite.fr\/wp-content\/uploads\/2025\/07\/AdobeStock_364346670-1024x318.jpeg 1024w, https:\/\/sipr.sorbonne-universite.fr\/wp-content\/uploads\/2025\/07\/AdobeStock_364346670-300x93.jpeg 300w, https:\/\/sipr.sorbonne-universite.fr\/wp-content\/uploads\/2025\/07\/AdobeStock_364346670-768x239.jpeg 768w, https:\/\/sipr.sorbonne-universite.fr\/wp-content\/uploads\/2025\/07\/AdobeStock_364346670-1536x477.jpeg 1536w, https:\/\/sipr.sorbonne-universite.fr\/wp-content\/uploads\/2025\/07\/AdobeStock_364346670-2048x636.jpeg 2048w\" sizes=\"(max-width: 800px) 100vw, 800px\" \/>\t\t\t\t\t\t\t\t\t\t\t\t\t\t\t<\/div>\n\t\t\t\t<\/div>\n\t\t\t\t\t<\/div>\n\t\t\t\t<\/div>\n\t\t<div class=\"elementor-element elementor-element-1ba70cc e-flex e-con-boxed e-con e-parent\" data-id=\"1ba70cc\" data-element_type=\"container\" data-e-type=\"container\">\n\t\t\t\t\t<div class=\"e-con-inner\">\n\t\t\t\t<div class=\"elementor-element elementor-element-0b4dafe elementor-widget elementor-widget-heading\" data-id=\"0b4dafe\" data-element_type=\"widget\" data-e-type=\"widget\" data-widget_type=\"heading.default\">\n\t\t\t\t<div class=\"elementor-widget-container\">\n\t\t\t\t\t<h2 class=\"elementor-heading-title elementor-size-default\">Description<\/h2>\t\t\t\t<\/div>\n\t\t\t\t<\/div>\n\t\t\t\t<div class=\"elementor-element elementor-element-d55a4b5 elementor-widget elementor-widget-text-editor\" data-id=\"d55a4b5\" data-element_type=\"widget\" data-e-type=\"widget\" data-widget_type=\"text-editor.default\">\n\t\t\t\t<div class=\"elementor-widget-container\">\n\t\t\t\t\t\t\t\t\t<p>Dans un contexte de transition \u00e9cologique, le Service Informatique pour la P\u00e9dagogie et la Recherche s\u2019engage activement dans la mise en \u0153uvre d\u2019une sobri\u00e9t\u00e9 num\u00e9rique responsable au sein de la Facult\u00e9. Cette d\u00e9marche vise \u00e0 r\u00e9duire l\u2019impact environnemental des usages num\u00e9riques au quotidien et li\u00e9s \u00e0 l\u2019enseignement, tout en sensibilisant les personnels, les \u00e9tudiantes et les \u00e9tudiants et les \u00e9quipes p\u00e9dagogiques aux enjeux d\u2019un num\u00e9rique plus soutenable.<\/p><p><strong>Pourquoi est-ce important ?<\/strong> Le num\u00e9rique repr\u00e9sente aujourd\u2019hui une part croissante des \u00e9missions de gaz \u00e0 effet de serre, majoritairement li\u00e9es \u00e0 la fabrication des \u00e9quipements et au stockage de donn\u00e9es. L\u2019enseignement sup\u00e9rieur, en tant que lieu de production et de diffusion de savoirs, a un r\u00f4le exemplaire \u00e0 jouer. Promouvoir une sobri\u00e9t\u00e9 num\u00e9rique, c\u2019est former une communaut\u00e9 universitaire consciente, critique et responsable de ses usages.<\/p><p>Le SIPR agit \u00e0 plusieurs niveaux : accompagnement p\u00e9dagogique, formations et conception de ressources. Nous encourageons une \u00e9volution des pratiques num\u00e9riques \u2013 dans la sc\u00e9narisation des cours, le choix des outils, l\u2019animation p\u00e9dagogique \u2013 pour que chaque enseignant et enseignante, chaque \u00e9tudiant et \u00e9tudiante puisse devenir acteur ou actrice d\u2019un num\u00e9rique soutenable.<\/p>\t\t\t\t\t\t\t\t<\/div>\n\t\t\t\t<\/div>\n\t\t\t\t<div class=\"elementor-element elementor-element-e1a1663 elementor-widget elementor-widget-heading\" data-id=\"e1a1663\" data-element_type=\"widget\" data-e-type=\"widget\" data-widget_type=\"heading.default\">\n\t\t\t\t<div class=\"elementor-widget-container\">\n\t\t\t\t\t<h2 class=\"elementor-heading-title elementor-size-default\">Projets en cours<\/h2>\t\t\t\t<\/div>\n\t\t\t\t<\/div>\n\t\t\t\t<div class=\"elementor-element elementor-element-e40460d elementor-widget elementor-widget-text-editor\" data-id=\"e40460d\" data-element_type=\"widget\" data-e-type=\"widget\" data-widget_type=\"text-editor.default\">\n\t\t\t\t<div class=\"elementor-widget-container\">\n\t\t\t\t\t\t\t\t\t<ul><li>Conception d\u2019un enseignement en ligne sur la sobri\u00e9t\u00e9 num\u00e9rique destin\u00e9 aux \u00e9tudiants et \u00e9tudiantes de Licence : introduction aux impacts environnementaux et soci\u00e9taux du num\u00e9rique, et aux actions concr\u00e8tes pour limiter son empreinte.<\/li><li>Collaboration avec le Village de l\u2019Anthropoc\u00e8ne (\u00e9dition 2025) :<ul><li>Jeu de piste de sensibilisation \u00e0 la sobri\u00e9t\u00e9 num\u00e9rique (r\u00e9alis\u00e9 en pr\u00e9sentiel sur les campus)<\/li><li>Collecte solidaire d\u2019appareils num\u00e9riques usag\u00e9s ou obsol\u00e8tes \u00e0 des fins de r\u00e9emploi ou de recyclage<\/li><\/ul><\/li><\/ul>\t\t\t\t\t\t\t\t<\/div>\n\t\t\t\t<\/div>\n\t\t\t\t<div class=\"elementor-element elementor-element-69a7231 elementor-widget elementor-widget-heading\" data-id=\"69a7231\" data-element_type=\"widget\" data-e-type=\"widget\" data-widget_type=\"heading.default\">\n\t\t\t\t<div class=\"elementor-widget-container\">\n\t\t\t\t\t<h2 class=\"elementor-heading-title elementor-size-default\">Projets r\u00e9alis\u00e9s<\/h2>\t\t\t\t<\/div>\n\t\t\t\t<\/div>\n\t\t\t\t<div class=\"elementor-element elementor-element-16d13f0 elementor-widget elementor-widget-text-editor\" data-id=\"16d13f0\" data-element_type=\"widget\" data-e-type=\"widget\" data-widget_type=\"text-editor.default\">\n\t\t\t\t<div class=\"elementor-widget-container\">\n\t\t\t\t\t\t\t\t\t<ul><li><strong>Exposition sur la pollution num\u00e9rique (Digital Cleanup Day \u2013 16 mars 2024) :<\/strong><\/li><\/ul><p>Organisation d\u2019une exposition et d\u2019activit\u00e9s de sensibilisation \u00e0 partir des ressources con\u00e7ues par l\u2019IGPDE (Institut de la gestion publique et du d\u00e9veloppement \u00e9conomique)\u00a0:<\/p><ul><li>Exposition \u00ab Monde virtuel, pollution r\u00e9elle \u00bb sur le cycle de vie des \u00e9quipements num\u00e9riques (fabrication, usage, fin de vie)<\/li><li>Jeu de cartes \u00ab Num\u00e9rique \u00e9thique \u00bb pour d\u00e9couvrir les principaux \u00e9co-gestes \u00e0 adopter<\/li><li>Jeu-concours sur les chiffres cl\u00e9s de la pollution num\u00e9rique<\/li><\/ul><p>\u00a0<\/p><p><strong>Guide pratique \u00e9co-gestes \u2013 \u00ab La sobri\u00e9t\u00e9 num\u00e9rique, partout et pour tous ! \u00bb (Digital Cleanup Day \u2013 15 mars 2025)<\/strong> :<\/p><p>\u00c9labor\u00e9 \u00e0 l\u2019occasion de la journ\u00e9e mondiale de sensibilisation \u00e0 l\u2019impact environnemental du num\u00e9rique, ce guide propose des gestes simples et concrets pour r\u00e9duire son empreinte num\u00e9rique, \u00e0 la maison, en t\u00e9l\u00e9travail ou au bureau ;<\/p>\t\t\t\t\t\t\t\t<\/div>\n\t\t\t\t<\/div>\n\t\t\t\t\t<\/div>\n\t\t\t\t<\/div>\n\t\t<div class=\"elementor-element elementor-element-e94183f e-flex e-con-boxed e-con e-parent\" data-id=\"e94183f\" data-element_type=\"container\" data-e-type=\"container\">\n\t\t\t\t\t<div class=\"e-con-inner\">\n\t\t\t\t<div class=\"elementor-element elementor-element-7d3b2ec elementor-widget elementor-widget-heading\" data-id=\"7d3b2ec\" data-element_type=\"widget\" data-e-type=\"widget\" data-widget_type=\"heading.default\">\n\t\t\t\t<div class=\"elementor-widget-container\">\n\t\t\t\t\t<h2 class=\"elementor-heading-title elementor-size-default\"><div id=\"ressources\">Ressources<\/div><\/h2>\t\t\t\t<\/div>\n\t\t\t\t<\/div>\n\t\t\t\t<div class=\"elementor-element elementor-element-1e06bee elementor-widget elementor-widget-text-editor\" data-id=\"1e06bee\" data-element_type=\"widget\" data-e-type=\"widget\" data-widget_type=\"text-editor.default\">\n\t\t\t\t<div class=\"elementor-widget-container\">\n\t\t\t\t\t\t\t\t\t<p><strong>Bibliographie\u00a0:<\/strong><\/p><p>Bordage, Fr\u00e9d\u00e9ric (2019). Sobri\u00e9t\u00e9 num\u00e9rique : les cl\u00e9s pour agir. Paris : Buchet-Chastel. ISBN 978-2-283-03215-2. Pr\u00e9face d&rsquo;Isabelle Autissier.<\/p><p>Courboulay, Vincent (2021). Vers un num\u00e9rique responsable : repensons notre d\u00e9pendance aux technologies digitales. Actes Sud. ISBN 978-2-330-14375-6.<\/p><p><strong>Sitographie\u00a0: <\/strong><\/p><p>ADEME &#8211; Num\u00e9rique responsable \u00a0<a href=\"https:\/\/www.ademe.fr\/\">https:\/\/www.ademe.fr\/<\/a><\/p><p>Green IT &#8211; Actualit\u00e9s et ressources sur l\u2019empreinte environnementale du num\u00e9rique <a href=\"https:\/\/www.greenit.fr\/\">https:\/\/www.greenit.fr\/<\/a><\/p><p>IGPDE \u2013 Kit de sensibilisation au num\u00e9rique responsable &#8211; <a href=\"https:\/\/www.economie.gouv.fr\/igpde\/kit-de-sensibilisation-au-numerique-responsable\">https:\/\/www.economie.gouv.fr\/igpde\/kit-de-sensibilisation-au-numerique-responsable<\/a><\/p><p>Impact CO\u2082 \u2013 Estimez l\u2019empreinte carbone de vos activit\u00e9s num\u00e9riques <a href=\"https:\/\/impactco2.fr\/\">https:\/\/impactco2.fr\/<\/a><\/p>\t\t\t\t\t\t\t\t<\/div>\n\t\t\t\t<\/div>\n\t\t\t\t\t<\/div>\n\t\t\t\t<\/div>\n\t\t\t\t<\/div>\n\t\t","protected":false},"excerpt":{"rendered":"<p>Responsable : Laetitia GOURMAND Membres de la th\u00e9matique :\u00a0 Wiem CHAKROUN, Loice MENANT,\u00a0 Julie METRAUD No events! Description Dans un contexte de transition \u00e9cologique, le Service Informatique pour la P\u00e9dagogie [&hellip;]<\/p>\n","protected":false},"author":2,"featured_media":0,"parent":0,"menu_order":0,"comment_status":"closed","ping_status":"closed","template":"","meta":{"_acf_changed":false,"footnotes":""},"class_list":["post-424","page","type-page","status-publish","hentry"],"acf":[],"_links":{"self":[{"href":"https:\/\/sipr.sorbonne-universite.fr\/index.php\/wp-json\/wp\/v2\/pages\/424","targetHints":{"allow":["GET"]}}],"collection":[{"href":"https:\/\/sipr.sorbonne-universite.fr\/index.php\/wp-json\/wp\/v2\/pages"}],"about":[{"href":"https:\/\/sipr.sorbonne-universite.fr\/index.php\/wp-json\/wp\/v2\/types\/page"}],"author":[{"embeddable":true,"href":"https:\/\/sipr.sorbonne-universite.fr\/index.php\/wp-json\/wp\/v2\/users\/2"}],"replies":[{"embeddable":true,"href":"https:\/\/sipr.sorbonne-universite.fr\/index.php\/wp-json\/wp\/v2\/comments?post=424"}],"version-history":[{"count":82,"href":"https:\/\/sipr.sorbonne-universite.fr\/index.php\/wp-json\/wp\/v2\/pages\/424\/revisions"}],"predecessor-version":[{"id":1979,"href":"https:\/\/sipr.sorbonne-universite.fr\/index.php\/wp-json\/wp\/v2\/pages\/424\/revisions\/1979"}],"wp:attachment":[{"href":"https:\/\/sipr.sorbonne-universite.fr\/index.php\/wp-json\/wp\/v2\/media?parent=424"}],"curies":[{"name":"wp","href":"https:\/\/api.w.org\/{rel}","templated":true}]}}