{"id":31,"date":"2024-11-28T10:36:54","date_gmt":"2024-11-28T10:36:54","guid":{"rendered":"https:\/\/musing-jang.195-220-216-61.plesk.page\/?page_id=31"},"modified":"2025-05-28T10:20:01","modified_gmt":"2025-05-28T10:20:01","slug":"presentation","status":"publish","type":"page","link":"https:\/\/sipr.sorbonne-universite.fr\/index.php\/presentation\/","title":{"rendered":"Pr\u00e9sentation"},"content":{"rendered":"\t\t<div data-elementor-type=\"wp-post\" data-elementor-id=\"31\" class=\"elementor elementor-31\" data-elementor-post-type=\"page\">\n\t\t\t\t<div class=\"elementor-element elementor-element-99acd5b e-flex e-con-boxed e-con e-parent\" data-id=\"99acd5b\" data-element_type=\"container\" data-e-type=\"container\">\n\t\t\t\t\t<div class=\"e-con-inner\">\n\t\t\t\t<div class=\"elementor-element elementor-element-cb78a17 elementor-widget elementor-widget-text-editor\" data-id=\"cb78a17\" data-element_type=\"widget\" data-e-type=\"widget\" data-widget_type=\"text-editor.default\">\n\t\t\t\t<div class=\"elementor-widget-container\">\n\t\t\t\t\t\t\t\t\t<p>Le Service Informatique pour la P\u00e9dagogie et la Recherche (SIPR) favorise le d\u00e9veloppement et l\u2019adoption des outils num\u00e9riques aupr\u00e8s des enseignants-chercheurs et des \u00e9tudiants. Il participe \u00e0 la conception et \u00e0 l\u2019exploitation des services TICE (Moodle, Mooc, Spoc, enseignements hybrides\u2026).<\/p><p>Le SIPR est un service de la Direction Informatique et Num\u00e9rique de la Facult\u00e9 des Lettres de Sorbonne-Universit\u00e9.<\/p>\t\t\t\t\t\t\t\t<\/div>\n\t\t\t\t<\/div>\n\t\t\t\t\t<\/div>\n\t\t\t\t<\/div>\n\t\t<div class=\"elementor-element elementor-element-05ba1d5 e-flex e-con-boxed e-con e-parent\" data-id=\"05ba1d5\" data-element_type=\"container\" data-e-type=\"container\">\n\t\t\t\t\t<div class=\"e-con-inner\">\n\t\t\t\t<div class=\"elementor-element elementor-element-2030283 elementor-widget elementor-widget-heading\" data-id=\"2030283\" data-element_type=\"widget\" data-e-type=\"widget\" data-widget_type=\"heading.default\">\n\t\t\t\t<div class=\"elementor-widget-container\">\n\t\t\t\t\t<h2 class=\"elementor-heading-title elementor-size-default\">Le SIPR accompagne les enseignantes et les enseignants<\/h2>\t\t\t\t<\/div>\n\t\t\t\t<\/div>\n\t\t\t\t<div class=\"elementor-element elementor-element-7a9a0ea elementor-widget elementor-widget-html\" data-id=\"7a9a0ea\" data-element_type=\"widget\" data-e-type=\"widget\" data-widget_type=\"html.default\">\n\t\t\t\t<div class=\"elementor-widget-container\">\n\t\t\t\t\t<iframe src=\"https:\/\/sorbonne-universite.cloud.panopto.eu\/Panopto\/Pages\/Embed.aspx?id=5e8e10ff-0a7a-45e6-8675-b07600df1bf9&autoplay=false&offerviewer=false&showtitle=true&showbrand=false&captions=false&interactivity=all\" height=\"405\" width=\"720\" style=\"border: 1px solid #464646;\" allowfullscreen allow=\"autoplay\" aria-label=\"Lecteur vid\u00e9o int\u00e9gr\u00e9 dans Panopto\" aria-description=\"SIPR-enseignants\" ><\/iframe>\t\t\t\t<\/div>\n\t\t\t\t<\/div>\n\t\t\t\t\t<\/div>\n\t\t\t\t<\/div>\n\t\t<div class=\"elementor-element elementor-element-bd916b7 e-flex e-con-boxed e-con e-parent\" data-id=\"bd916b7\" data-element_type=\"container\" data-e-type=\"container\">\n\t\t\t\t\t<div class=\"e-con-inner\">\n\t\t\t\t<div class=\"elementor-element elementor-element-2668e63 elementor-widget elementor-widget-heading\" data-id=\"2668e63\" data-element_type=\"widget\" data-e-type=\"widget\" data-widget_type=\"heading.default\">\n\t\t\t\t<div class=\"elementor-widget-container\">\n\t\t\t\t\t<h2 class=\"elementor-heading-title elementor-size-default\">Le SIPR accompagne les \u00e9tudiantes et les \u00e9tudiants\n<\/h2>\t\t\t\t<\/div>\n\t\t\t\t<\/div>\n\t\t\t\t<div class=\"elementor-element elementor-element-119a0e8 elementor-widget elementor-widget-html\" data-id=\"119a0e8\" data-element_type=\"widget\" data-e-type=\"widget\" data-widget_type=\"html.default\">\n\t\t\t\t<div class=\"elementor-widget-container\">\n\t\t\t\t\t<iframe src=\"https:\/\/sorbonne-universite.cloud.panopto.eu\/Panopto\/Pages\/Embed.aspx?id=9e5b2eeb-5431-4c55-aae4-b07600df1bd3&autoplay=false&offerviewer=false&showtitle=true&showbrand=false&captions=false&interactivity=all\" height=\"405\" width=\"720\" style=\"border: 1px solid #464646;\" allowfullscreen allow=\"autoplay\" aria-label=\"Lecteur vid\u00e9o int\u00e9gr\u00e9 dans Panopto\" aria-description=\"SIPR-\u00e9tudiants\" ><\/iframe>\t\t\t\t<\/div>\n\t\t\t\t<\/div>\n\t\t\t\t\t<\/div>\n\t\t\t\t<\/div>\n\t\t\t\t<\/div>\n\t\t","protected":false},"excerpt":{"rendered":"<p>Le Service Informatique pour la P\u00e9dagogie et la Recherche (SIPR) favorise le d\u00e9veloppement et l\u2019adoption des outils num\u00e9riques aupr\u00e8s des enseignants-chercheurs et des \u00e9tudiants. Il participe \u00e0 la conception et [&hellip;]<\/p>\n","protected":false},"author":2,"featured_media":0,"parent":0,"menu_order":1,"comment_status":"closed","ping_status":"closed","template":"","meta":{"_acf_changed":false,"footnotes":""},"class_list":["post-31","page","type-page","status-publish","hentry"],"acf":[],"_links":{"self":[{"href":"https:\/\/sipr.sorbonne-universite.fr\/index.php\/wp-json\/wp\/v2\/pages\/31","targetHints":{"allow":["GET"]}}],"collection":[{"href":"https:\/\/sipr.sorbonne-universite.fr\/index.php\/wp-json\/wp\/v2\/pages"}],"about":[{"href":"https:\/\/sipr.sorbonne-universite.fr\/index.php\/wp-json\/wp\/v2\/types\/page"}],"author":[{"embeddable":true,"href":"https:\/\/sipr.sorbonne-universite.fr\/index.php\/wp-json\/wp\/v2\/users\/2"}],"replies":[{"embeddable":true,"href":"https:\/\/sipr.sorbonne-universite.fr\/index.php\/wp-json\/wp\/v2\/comments?post=31"}],"version-history":[{"count":39,"href":"https:\/\/sipr.sorbonne-universite.fr\/index.php\/wp-json\/wp\/v2\/pages\/31\/revisions"}],"predecessor-version":[{"id":1352,"href":"https:\/\/sipr.sorbonne-universite.fr\/index.php\/wp-json\/wp\/v2\/pages\/31\/revisions\/1352"}],"wp:attachment":[{"href":"https:\/\/sipr.sorbonne-universite.fr\/index.php\/wp-json\/wp\/v2\/media?parent=31"}],"curies":[{"name":"wp","href":"https:\/\/api.w.org\/{rel}","templated":true}]}}