{"id":158,"date":"2025-01-07T09:16:25","date_gmt":"2025-01-07T09:16:25","guid":{"rendered":"https:\/\/musing-jang.195-220-216-61.plesk.page\/?page_id=158"},"modified":"2026-02-19T16:11:39","modified_gmt":"2026-02-19T16:11:39","slug":"membres","status":"publish","type":"page","link":"https:\/\/sipr.sorbonne-universite.fr\/index.php\/membres\/","title":{"rendered":"Membres"},"content":{"rendered":"\t\t<div data-elementor-type=\"wp-page\" data-elementor-id=\"158\" class=\"elementor elementor-158\" data-elementor-post-type=\"page\">\n\t\t\t\t<div class=\"elementor-element elementor-element-6e2ae81 e-flex e-con-boxed e-con e-parent\" data-id=\"6e2ae81\" data-element_type=\"container\" data-e-type=\"container\">\n\t\t\t\t\t<div class=\"e-con-inner\">\n\t\t\t\t<div class=\"elementor-element elementor-element-36defbc hfe-post-info-layout-inline elementor-widget elementor-widget-post-info-widget\" data-id=\"36defbc\" data-element_type=\"widget\" data-e-type=\"widget\" data-widget_type=\"post-info-widget.default\">\n\t\t\t\t<div class=\"elementor-widget-container\">\n\t\t\t\t\t\t\t<ul class=\"hfe-post-info-inline hfe-post-info-items hfe-post-info\">\n\t\t\t\t\t<li class=\"hfe-post-info-item elementor-repeater-item-6efeb8a hfe-post-info-inline-item\"> \n\t\t\t\n\t\t\t\t\t<span class=\"hfe-post-info-text hfe-post-info__item hfe-post-info__item--type-custom\">\n\t\t\t\n\t\t\t\t\t\t\tDerni\u00e8re modification : 19\/02\/2026\t\t\t\t\t<\/span>\n\t\t\n\t\t\t\t\t<\/li>\n\t\t\t\t<\/ul>\n\t\t\t\t\t\t<\/div>\n\t\t\t\t<\/div>\n\t\t\t\t\t<\/div>\n\t\t\t\t<\/div>\n\t\t<div class=\"elementor-element elementor-element-1fe6e07 e-flex e-con-boxed e-con e-parent\" data-id=\"1fe6e07\" data-element_type=\"container\" data-e-type=\"container\">\n\t\t\t\t\t<div class=\"e-con-inner\">\n\t\t<div class=\"elementor-element elementor-element-70472ff e-con-full e-flex e-con e-child\" data-id=\"70472ff\" data-element_type=\"container\" data-e-type=\"container\">\n\t\t\t\t<div class=\"elementor-element elementor-element-a051bc5 elementor-widget elementor-widget-image\" data-id=\"a051bc5\" data-element_type=\"widget\" data-e-type=\"widget\" data-widget_type=\"image.default\">\n\t\t\t\t<div class=\"elementor-widget-container\">\n\t\t\t\t\t\t\t\t\t\t\t\t\t\t\t<img decoding=\"async\" width=\"150\" height=\"150\" src=\"https:\/\/sipr.sorbonne-universite.fr\/wp-content\/uploads\/2025\/05\/LB-150x150.jpg\" class=\"attachment-thumbnail size-thumbnail wp-image-1102\" alt=\"\" \/>\t\t\t\t\t\t\t\t\t\t\t\t\t\t\t<\/div>\n\t\t\t\t<\/div>\n\t\t\t\t<div class=\"elementor-element elementor-element-1da3c1a elementor-widget elementor-widget-text-editor\" data-id=\"1da3c1a\" data-element_type=\"widget\" data-e-type=\"widget\" data-widget_type=\"text-editor.default\">\n\t\t\t\t<div class=\"elementor-widget-container\">\n\t\t\t\t\t\t\t\t\t<p><a href=\"\/index.php\/lbekkis\">BEKKIS Leila<\/a><\/p><p>Assistante TICE<\/p>\t\t\t\t\t\t\t\t<\/div>\n\t\t\t\t<\/div>\n\t\t\t\t<\/div>\n\t\t<div class=\"elementor-element elementor-element-4781579 e-con-full e-flex e-con e-child\" data-id=\"4781579\" data-element_type=\"container\" data-e-type=\"container\">\n\t\t\t\t<div class=\"elementor-element elementor-element-ba3f87e elementor-widget elementor-widget-image\" data-id=\"ba3f87e\" data-element_type=\"widget\" data-e-type=\"widget\" data-widget_type=\"image.default\">\n\t\t\t\t<div class=\"elementor-widget-container\">\n\t\t\t\t\t\t\t\t\t\t\t\t\t\t\t<img decoding=\"async\" width=\"150\" height=\"150\" src=\"https:\/\/sipr.sorbonne-universite.fr\/wp-content\/uploads\/2025\/01\/vignetteidentiteneutre224-150x150.jpg\" class=\"attachment-thumbnail size-thumbnail wp-image-162\" alt=\"\" srcset=\"https:\/\/sipr.sorbonne-universite.fr\/wp-content\/uploads\/2025\/01\/vignetteidentiteneutre224-150x150.jpg 150w, https:\/\/sipr.sorbonne-universite.fr\/wp-content\/uploads\/2025\/01\/vignetteidentiteneutre224.jpg 224w\" sizes=\"(max-width: 150px) 100vw, 150px\" \/>\t\t\t\t\t\t\t\t\t\t\t\t\t\t\t<\/div>\n\t\t\t\t<\/div>\n\t\t\t\t<div class=\"elementor-element elementor-element-578b303 elementor-widget elementor-widget-text-editor\" data-id=\"578b303\" data-element_type=\"widget\" data-e-type=\"widget\" data-widget_type=\"text-editor.default\">\n\t\t\t\t<div class=\"elementor-widget-container\">\n\t\t\t\t\t\t\t\t\t<p>B<\/p><p>Ing\u00e9nieur logiciel<\/p>\t\t\t\t\t\t\t\t<\/div>\n\t\t\t\t<\/div>\n\t\t\t\t<\/div>\n\t\t<div class=\"elementor-element elementor-element-3a03bee e-con-full e-flex e-con e-child\" data-id=\"3a03bee\" data-element_type=\"container\" data-e-type=\"container\">\n\t\t\t\t<div class=\"elementor-element elementor-element-c840a98 elementor-widget elementor-widget-image\" data-id=\"c840a98\" data-element_type=\"widget\" data-e-type=\"widget\" data-widget_type=\"image.default\">\n\t\t\t\t<div class=\"elementor-widget-container\">\n\t\t\t\t\t\t\t\t\t\t\t\t\t\t\t<img decoding=\"async\" width=\"150\" height=\"150\" src=\"https:\/\/sipr.sorbonne-universite.fr\/wp-content\/uploads\/2025\/04\/Wiem-CHAKROUN_-Ph-150x150.jpg\" class=\"attachment-thumbnail size-thumbnail wp-image-1040\" alt=\"\" srcset=\"https:\/\/sipr.sorbonne-universite.fr\/wp-content\/uploads\/2025\/04\/Wiem-CHAKROUN_-Ph-150x150.jpg 150w, https:\/\/sipr.sorbonne-universite.fr\/wp-content\/uploads\/2025\/04\/Wiem-CHAKROUN_-Ph-300x300.jpg 300w, https:\/\/sipr.sorbonne-universite.fr\/wp-content\/uploads\/2025\/04\/Wiem-CHAKROUN_-Ph-768x768.jpg 768w, https:\/\/sipr.sorbonne-universite.fr\/wp-content\/uploads\/2025\/04\/Wiem-CHAKROUN_-Ph.jpg 800w\" sizes=\"(max-width: 150px) 100vw, 150px\" \/>\t\t\t\t\t\t\t\t\t\t\t\t\t\t\t<\/div>\n\t\t\t\t<\/div>\n\t\t\t\t<div class=\"elementor-element elementor-element-f3625dc elementor-widget elementor-widget-text-editor\" data-id=\"f3625dc\" data-element_type=\"widget\" data-e-type=\"widget\" data-widget_type=\"text-editor.default\">\n\t\t\t\t<div class=\"elementor-widget-container\">\n\t\t\t\t\t\t\t\t\t<p><a href=\"\/index.php\/wchakroun\">CHAKROUN Wiem<\/a><\/p><p>Ing\u00e9nieure p\u00e9dagogique<\/p>\t\t\t\t\t\t\t\t<\/div>\n\t\t\t\t<\/div>\n\t\t\t\t<\/div>\n\t\t<div class=\"elementor-element elementor-element-81995bd e-con-full e-flex e-con e-child\" data-id=\"81995bd\" data-element_type=\"container\" data-e-type=\"container\">\n\t\t\t\t<div class=\"elementor-element elementor-element-be481f0 elementor-widget elementor-widget-image\" data-id=\"be481f0\" data-element_type=\"widget\" data-e-type=\"widget\" data-widget_type=\"image.default\">\n\t\t\t\t<div class=\"elementor-widget-container\">\n\t\t\t\t\t\t\t\t\t\t\t\t\t\t\t<img loading=\"lazy\" decoding=\"async\" width=\"150\" height=\"150\" src=\"https:\/\/sipr.sorbonne-universite.fr\/wp-content\/uploads\/2025\/05\/DOUCET_Photo-150x150.jpg\" class=\"attachment-thumbnail size-thumbnail wp-image-1095\" alt=\"\" \/>\t\t\t\t\t\t\t\t\t\t\t\t\t\t\t<\/div>\n\t\t\t\t<\/div>\n\t\t\t\t<div class=\"elementor-element elementor-element-56f0f59 elementor-widget elementor-widget-text-editor\" data-id=\"56f0f59\" data-element_type=\"widget\" data-e-type=\"widget\" data-widget_type=\"text-editor.default\">\n\t\t\t\t<div class=\"elementor-widget-container\">\n\t\t\t\t\t\t\t\t\t<p><a href=\"\/index.php\/adoucet\">DOUCET Aristide<\/a><\/p><p>Ing\u00e9nieur p\u00e9dagogique<\/p>\t\t\t\t\t\t\t\t<\/div>\n\t\t\t\t<\/div>\n\t\t\t\t<\/div>\n\t\t<div class=\"elementor-element elementor-element-4d9b20c e-con-full e-flex e-con e-child\" data-id=\"4d9b20c\" data-element_type=\"container\" data-e-type=\"container\">\n\t\t\t\t<div class=\"elementor-element elementor-element-647f7d6 elementor-widget elementor-widget-image\" data-id=\"647f7d6\" data-element_type=\"widget\" data-e-type=\"widget\" data-widget_type=\"image.default\">\n\t\t\t\t<div class=\"elementor-widget-container\">\n\t\t\t\t\t\t\t\t\t\t\t\t\t\t\t<img decoding=\"async\" width=\"150\" height=\"150\" src=\"https:\/\/sipr.sorbonne-universite.fr\/wp-content\/uploads\/2025\/01\/vignetteidentiteneutre224-150x150.jpg\" class=\"attachment-thumbnail size-thumbnail wp-image-162\" alt=\"\" srcset=\"https:\/\/sipr.sorbonne-universite.fr\/wp-content\/uploads\/2025\/01\/vignetteidentiteneutre224-150x150.jpg 150w, https:\/\/sipr.sorbonne-universite.fr\/wp-content\/uploads\/2025\/01\/vignetteidentiteneutre224.jpg 224w\" sizes=\"(max-width: 150px) 100vw, 150px\" \/>\t\t\t\t\t\t\t\t\t\t\t\t\t\t\t<\/div>\n\t\t\t\t<\/div>\n\t\t\t\t<div class=\"elementor-element elementor-element-f5166d5 elementor-widget elementor-widget-text-editor\" data-id=\"f5166d5\" data-element_type=\"widget\" data-e-type=\"widget\" data-widget_type=\"text-editor.default\">\n\t\t\t\t<div class=\"elementor-widget-container\">\n\t\t\t\t\t\t\t\t\t<p><a href=\"\/index.php\/cgoulevant\">GOULEVANT Christ\u00e8le<\/a><\/p><p>Ing\u00e9nieure p\u00e9dagogique<\/p>\t\t\t\t\t\t\t\t<\/div>\n\t\t\t\t<\/div>\n\t\t\t\t<\/div>\n\t\t<div class=\"elementor-element elementor-element-036987a e-con-full e-flex e-con e-child\" data-id=\"036987a\" data-element_type=\"container\" data-e-type=\"container\">\n\t\t\t\t<div class=\"elementor-element elementor-element-607c2bb elementor-widget elementor-widget-image\" data-id=\"607c2bb\" data-element_type=\"widget\" data-e-type=\"widget\" data-widget_type=\"image.default\">\n\t\t\t\t<div class=\"elementor-widget-container\">\n\t\t\t\t\t\t\t\t\t\t\t\t\t\t\t<img decoding=\"async\" width=\"150\" height=\"150\" src=\"https:\/\/sipr.sorbonne-universite.fr\/wp-content\/uploads\/2025\/01\/vignetteidentiteneutre224-150x150.jpg\" class=\"attachment-thumbnail size-thumbnail wp-image-162\" alt=\"\" srcset=\"https:\/\/sipr.sorbonne-universite.fr\/wp-content\/uploads\/2025\/01\/vignetteidentiteneutre224-150x150.jpg 150w, https:\/\/sipr.sorbonne-universite.fr\/wp-content\/uploads\/2025\/01\/vignetteidentiteneutre224.jpg 224w\" sizes=\"(max-width: 150px) 100vw, 150px\" \/>\t\t\t\t\t\t\t\t\t\t\t\t\t\t\t<\/div>\n\t\t\t\t<\/div>\n\t\t\t\t<div class=\"elementor-element elementor-element-c7aaada elementor-widget elementor-widget-text-editor\" data-id=\"c7aaada\" data-element_type=\"widget\" data-e-type=\"widget\" data-widget_type=\"text-editor.default\">\n\t\t\t\t<div class=\"elementor-widget-container\">\n\t\t\t\t\t\t\t\t\t<p><a href=\"\/index.php\/lgourmand\">GOURMAND Laetitia<\/a><\/p><p>Ing\u00e9nieure p\u00e9dagogique<\/p>\t\t\t\t\t\t\t\t<\/div>\n\t\t\t\t<\/div>\n\t\t\t\t<\/div>\n\t\t<div class=\"elementor-element elementor-element-7cc4b80 e-con-full e-flex e-con e-child\" data-id=\"7cc4b80\" data-element_type=\"container\" data-e-type=\"container\">\n\t\t\t\t<div class=\"elementor-element elementor-element-2d1aed2 elementor-widget elementor-widget-image\" data-id=\"2d1aed2\" data-element_type=\"widget\" data-e-type=\"widget\" data-widget_type=\"image.default\">\n\t\t\t\t<div class=\"elementor-widget-container\">\n\t\t\t\t\t\t\t\t\t\t\t\t\t\t\t<img decoding=\"async\" width=\"150\" height=\"150\" src=\"https:\/\/sipr.sorbonne-universite.fr\/wp-content\/uploads\/2025\/01\/vignetteidentiteneutre224-150x150.jpg\" class=\"attachment-thumbnail size-thumbnail wp-image-162\" alt=\"\" srcset=\"https:\/\/sipr.sorbonne-universite.fr\/wp-content\/uploads\/2025\/01\/vignetteidentiteneutre224-150x150.jpg 150w, https:\/\/sipr.sorbonne-universite.fr\/wp-content\/uploads\/2025\/01\/vignetteidentiteneutre224.jpg 224w\" sizes=\"(max-width: 150px) 100vw, 150px\" \/>\t\t\t\t\t\t\t\t\t\t\t\t\t\t\t<\/div>\n\t\t\t\t<\/div>\n\t\t\t\t<div class=\"elementor-element elementor-element-b0ec2e3 elementor-widget elementor-widget-text-editor\" data-id=\"b0ec2e3\" data-element_type=\"widget\" data-e-type=\"widget\" data-widget_type=\"text-editor.default\">\n\t\t\t\t<div class=\"elementor-widget-container\">\n\t\t\t\t\t\t\t\t\t<p><a href=\"\/index.php\/alaminette\">LAMINETTE Adrien<\/a><\/p><p>Ing\u00e9nieur p\u00e9dagogique<\/p>\t\t\t\t\t\t\t\t<\/div>\n\t\t\t\t<\/div>\n\t\t\t\t<\/div>\n\t\t<div class=\"elementor-element elementor-element-ce9dc8f e-con-full e-flex e-con e-child\" data-id=\"ce9dc8f\" data-element_type=\"container\" data-e-type=\"container\">\n\t\t\t\t<div class=\"elementor-element elementor-element-b6298b2 elementor-widget elementor-widget-image\" data-id=\"b6298b2\" data-element_type=\"widget\" data-e-type=\"widget\" data-widget_type=\"image.default\">\n\t\t\t\t<div class=\"elementor-widget-container\">\n\t\t\t\t\t\t\t\t\t\t\t\t\t\t\t<img decoding=\"async\" width=\"150\" height=\"150\" src=\"https:\/\/sipr.sorbonne-universite.fr\/wp-content\/uploads\/2025\/01\/vignetteidentiteneutre224-150x150.jpg\" class=\"attachment-thumbnail size-thumbnail wp-image-162\" alt=\"\" srcset=\"https:\/\/sipr.sorbonne-universite.fr\/wp-content\/uploads\/2025\/01\/vignetteidentiteneutre224-150x150.jpg 150w, https:\/\/sipr.sorbonne-universite.fr\/wp-content\/uploads\/2025\/01\/vignetteidentiteneutre224.jpg 224w\" sizes=\"(max-width: 150px) 100vw, 150px\" \/>\t\t\t\t\t\t\t\t\t\t\t\t\t\t\t<\/div>\n\t\t\t\t<\/div>\n\t\t\t\t<div class=\"elementor-element elementor-element-66af9f9 elementor-widget elementor-widget-text-editor\" data-id=\"66af9f9\" data-element_type=\"widget\" data-e-type=\"widget\" data-widget_type=\"text-editor.default\">\n\t\t\t\t<div class=\"elementor-widget-container\">\n\t\t\t\t\t\t\t\t\t<p><a href=\"\/index.php\/vlange\">LANGE Vanina<\/a><\/p><p>Ing\u00e9nieure p\u00e9dagogique<\/p>\t\t\t\t\t\t\t\t<\/div>\n\t\t\t\t<\/div>\n\t\t\t\t<\/div>\n\t\t<div class=\"elementor-element elementor-element-88881f9 e-con-full e-flex e-con e-child\" data-id=\"88881f9\" data-element_type=\"container\" data-e-type=\"container\">\n\t\t\t\t<div class=\"elementor-element elementor-element-c557d1a elementor-widget elementor-widget-image\" data-id=\"c557d1a\" data-element_type=\"widget\" data-e-type=\"widget\" data-widget_type=\"image.default\">\n\t\t\t\t<div class=\"elementor-widget-container\">\n\t\t\t\t\t\t\t\t\t\t\t\t\t\t\t<img loading=\"lazy\" decoding=\"async\" width=\"150\" height=\"150\" src=\"https:\/\/sipr.sorbonne-universite.fr\/wp-content\/uploads\/2025\/01\/Flo224-150x150.jpg\" class=\"attachment-thumbnail size-thumbnail wp-image-161\" alt=\"\" srcset=\"https:\/\/sipr.sorbonne-universite.fr\/wp-content\/uploads\/2025\/01\/Flo224-150x150.jpg 150w, https:\/\/sipr.sorbonne-universite.fr\/wp-content\/uploads\/2025\/01\/Flo224.jpg 224w\" sizes=\"(max-width: 150px) 100vw, 150px\" \/>\t\t\t\t\t\t\t\t\t\t\t\t\t\t\t<\/div>\n\t\t\t\t<\/div>\n\t\t\t\t<div class=\"elementor-element elementor-element-0a636e4 elementor-widget elementor-widget-text-editor\" data-id=\"0a636e4\" data-element_type=\"widget\" data-e-type=\"widget\" data-widget_type=\"text-editor.default\">\n\t\t\t\t<div class=\"elementor-widget-container\">\n\t\t\t\t\t\t\t\t\t<p><a href=\"\/index.php\/flepriol\">LE PRIOL Florence<\/a><\/p><p>Responsable du Service<\/p>\t\t\t\t\t\t\t\t<\/div>\n\t\t\t\t<\/div>\n\t\t\t\t<\/div>\n\t\t<div class=\"elementor-element elementor-element-a01476f e-con-full e-flex e-con e-child\" data-id=\"a01476f\" data-element_type=\"container\" data-e-type=\"container\">\n\t\t\t\t<div class=\"elementor-element elementor-element-9386a9d elementor-widget elementor-widget-image\" data-id=\"9386a9d\" data-element_type=\"widget\" data-e-type=\"widget\" data-widget_type=\"image.default\">\n\t\t\t\t<div class=\"elementor-widget-container\">\n\t\t\t\t\t\t\t\t\t\t\t\t\t\t\t<img decoding=\"async\" width=\"150\" height=\"150\" src=\"https:\/\/sipr.sorbonne-universite.fr\/wp-content\/uploads\/2025\/01\/vignetteidentiteneutre224-150x150.jpg\" class=\"attachment-thumbnail size-thumbnail wp-image-162\" alt=\"\" srcset=\"https:\/\/sipr.sorbonne-universite.fr\/wp-content\/uploads\/2025\/01\/vignetteidentiteneutre224-150x150.jpg 150w, https:\/\/sipr.sorbonne-universite.fr\/wp-content\/uploads\/2025\/01\/vignetteidentiteneutre224.jpg 224w\" sizes=\"(max-width: 150px) 100vw, 150px\" \/>\t\t\t\t\t\t\t\t\t\t\t\t\t\t\t<\/div>\n\t\t\t\t<\/div>\n\t\t\t\t<div class=\"elementor-element elementor-element-75e1d75 elementor-widget elementor-widget-text-editor\" data-id=\"75e1d75\" data-element_type=\"widget\" data-e-type=\"widget\" data-widget_type=\"text-editor.default\">\n\t\t\t\t<div class=\"elementor-widget-container\">\n\t\t\t\t\t\t\t\t\t<p><a href=\"\/index.php\/lmenant\">MENANT Lo\u00efce<\/a><\/p><p>Alternante en ing\u00e9nierie p\u00e9dagogique<\/p>\t\t\t\t\t\t\t\t<\/div>\n\t\t\t\t<\/div>\n\t\t\t\t<\/div>\n\t\t<div class=\"elementor-element elementor-element-183ff7e e-con-full e-flex e-con e-child\" data-id=\"183ff7e\" data-element_type=\"container\" data-e-type=\"container\">\n\t\t\t\t<div class=\"elementor-element elementor-element-62c6a52 elementor-widget elementor-widget-image\" data-id=\"62c6a52\" data-element_type=\"widget\" data-e-type=\"widget\" data-widget_type=\"image.default\">\n\t\t\t\t<div class=\"elementor-widget-container\">\n\t\t\t\t\t\t\t\t\t\t\t\t\t\t\t<img decoding=\"async\" width=\"150\" height=\"150\" src=\"https:\/\/sipr.sorbonne-universite.fr\/wp-content\/uploads\/2025\/01\/vignetteidentiteneutre224-150x150.jpg\" class=\"attachment-thumbnail size-thumbnail wp-image-162\" alt=\"\" srcset=\"https:\/\/sipr.sorbonne-universite.fr\/wp-content\/uploads\/2025\/01\/vignetteidentiteneutre224-150x150.jpg 150w, https:\/\/sipr.sorbonne-universite.fr\/wp-content\/uploads\/2025\/01\/vignetteidentiteneutre224.jpg 224w\" sizes=\"(max-width: 150px) 100vw, 150px\" \/>\t\t\t\t\t\t\t\t\t\t\t\t\t\t\t<\/div>\n\t\t\t\t<\/div>\n\t\t\t\t<div class=\"elementor-element elementor-element-10431c5 elementor-widget elementor-widget-text-editor\" data-id=\"10431c5\" data-element_type=\"widget\" data-e-type=\"widget\" data-widget_type=\"text-editor.default\">\n\t\t\t\t<div class=\"elementor-widget-container\">\n\t\t\t\t\t\t\t\t\t<p><a href=\"\/index.php\/jmetraud\">METRAUD Julie<\/a><\/p><p>Ing\u00e9nieure p\u00e9dagogique<\/p>\t\t\t\t\t\t\t\t<\/div>\n\t\t\t\t<\/div>\n\t\t\t\t<\/div>\n\t\t<div class=\"elementor-element elementor-element-1781856 e-con-full e-flex e-con e-child\" data-id=\"1781856\" data-element_type=\"container\" data-e-type=\"container\">\n\t\t\t\t<div class=\"elementor-element elementor-element-38cf0d5 elementor-widget elementor-widget-image\" data-id=\"38cf0d5\" data-element_type=\"widget\" data-e-type=\"widget\" data-widget_type=\"image.default\">\n\t\t\t\t<div class=\"elementor-widget-container\">\n\t\t\t\t\t\t\t\t\t\t\t\t\t\t\t<img decoding=\"async\" width=\"150\" height=\"150\" src=\"https:\/\/sipr.sorbonne-universite.fr\/wp-content\/uploads\/2025\/01\/vignetteidentiteneutre224-150x150.jpg\" class=\"attachment-thumbnail size-thumbnail wp-image-162\" alt=\"\" srcset=\"https:\/\/sipr.sorbonne-universite.fr\/wp-content\/uploads\/2025\/01\/vignetteidentiteneutre224-150x150.jpg 150w, https:\/\/sipr.sorbonne-universite.fr\/wp-content\/uploads\/2025\/01\/vignetteidentiteneutre224.jpg 224w\" sizes=\"(max-width: 150px) 100vw, 150px\" \/>\t\t\t\t\t\t\t\t\t\t\t\t\t\t\t<\/div>\n\t\t\t\t<\/div>\n\t\t\t\t<div class=\"elementor-element elementor-element-7ea992e elementor-widget elementor-widget-text-editor\" data-id=\"7ea992e\" data-element_type=\"widget\" data-e-type=\"widget\" data-widget_type=\"text-editor.default\">\n\t\t\t\t<div class=\"elementor-widget-container\">\n\t\t\t\t\t\t\t\t\t<p>R<\/p><p>Technicien audiovisuel<\/p>\t\t\t\t\t\t\t\t<\/div>\n\t\t\t\t<\/div>\n\t\t\t\t<\/div>\n\t\t<div class=\"elementor-element elementor-element-8e087b6 e-con-full e-flex e-con e-child\" data-id=\"8e087b6\" data-element_type=\"container\" data-e-type=\"container\">\n\t\t\t\t<div class=\"elementor-element elementor-element-5512f8f elementor-widget elementor-widget-image\" data-id=\"5512f8f\" data-element_type=\"widget\" data-e-type=\"widget\" data-widget_type=\"image.default\">\n\t\t\t\t<div class=\"elementor-widget-container\">\n\t\t\t\t\t\t\t\t\t\t\t\t\t\t\t<img decoding=\"async\" width=\"150\" height=\"150\" src=\"https:\/\/sipr.sorbonne-universite.fr\/wp-content\/uploads\/2025\/01\/vignetteidentiteneutre224-150x150.jpg\" class=\"attachment-thumbnail size-thumbnail wp-image-162\" alt=\"\" srcset=\"https:\/\/sipr.sorbonne-universite.fr\/wp-content\/uploads\/2025\/01\/vignetteidentiteneutre224-150x150.jpg 150w, https:\/\/sipr.sorbonne-universite.fr\/wp-content\/uploads\/2025\/01\/vignetteidentiteneutre224.jpg 224w\" sizes=\"(max-width: 150px) 100vw, 150px\" \/>\t\t\t\t\t\t\t\t\t\t\t\t\t\t\t<\/div>\n\t\t\t\t<\/div>\n\t\t\t\t<div class=\"elementor-element elementor-element-d69a79a elementor-widget elementor-widget-text-editor\" data-id=\"d69a79a\" data-element_type=\"widget\" data-e-type=\"widget\" data-widget_type=\"text-editor.default\">\n\t\t\t\t<div class=\"elementor-widget-container\">\n\t\t\t\t\t\t\t\t\t<p>S<\/p><p>Ing\u00e9nieure logiciel<\/p>\t\t\t\t\t\t\t\t<\/div>\n\t\t\t\t<\/div>\n\t\t\t\t<\/div>\n\t\t<div class=\"elementor-element elementor-element-58acbb4 e-con-full e-flex e-con e-child\" data-id=\"58acbb4\" data-element_type=\"container\" data-e-type=\"container\">\n\t\t\t\t<div class=\"elementor-element elementor-element-068ea2c elementor-widget elementor-widget-image\" data-id=\"068ea2c\" data-element_type=\"widget\" data-e-type=\"widget\" data-widget_type=\"image.default\">\n\t\t\t\t<div class=\"elementor-widget-container\">\n\t\t\t\t\t\t\t\t\t\t\t\t\t\t\t<img decoding=\"async\" width=\"150\" height=\"150\" src=\"https:\/\/sipr.sorbonne-universite.fr\/wp-content\/uploads\/2025\/01\/vignetteidentiteneutre224-150x150.jpg\" class=\"attachment-thumbnail size-thumbnail wp-image-162\" alt=\"\" srcset=\"https:\/\/sipr.sorbonne-universite.fr\/wp-content\/uploads\/2025\/01\/vignetteidentiteneutre224-150x150.jpg 150w, https:\/\/sipr.sorbonne-universite.fr\/wp-content\/uploads\/2025\/01\/vignetteidentiteneutre224.jpg 224w\" sizes=\"(max-width: 150px) 100vw, 150px\" \/>\t\t\t\t\t\t\t\t\t\t\t\t\t\t\t<\/div>\n\t\t\t\t<\/div>\n\t\t\t\t<div class=\"elementor-element elementor-element-0dfcbd5 elementor-widget elementor-widget-text-editor\" data-id=\"0dfcbd5\" data-element_type=\"widget\" data-e-type=\"widget\" data-widget_type=\"text-editor.default\">\n\t\t\t\t<div class=\"elementor-widget-container\">\n\t\t\t\t\t\t\t\t\t<p><a href=\"\/index.php\/ktoumi\">TOUMI Katia<\/a><\/p><p>Ing\u00e9nieure p\u00e9dagogique<\/p>\t\t\t\t\t\t\t\t<\/div>\n\t\t\t\t<\/div>\n\t\t\t\t<\/div>\n\t\t\t\t\t<\/div>\n\t\t\t\t<\/div>\n\t\t\t\t<\/div>\n\t\t","protected":false},"excerpt":{"rendered":"<p>BEKKIS Leila Assistante TICE B Ing\u00e9nieur logiciel CHAKROUN Wiem Ing\u00e9nieure p\u00e9dagogique DOUCET Aristide Ing\u00e9nieur p\u00e9dagogique GOULEVANT Christ\u00e8le Ing\u00e9nieure p\u00e9dagogique GOURMAND Laetitia Ing\u00e9nieure p\u00e9dagogique LAMINETTE Adrien Ing\u00e9nieur p\u00e9dagogique LANGE Vanina Ing\u00e9nieure [&hellip;]<\/p>\n","protected":false},"author":2,"featured_media":0,"parent":0,"menu_order":0,"comment_status":"closed","ping_status":"closed","template":"","meta":{"_acf_changed":false,"footnotes":""},"class_list":["post-158","page","type-page","status-publish","hentry"],"acf":[],"_links":{"self":[{"href":"https:\/\/sipr.sorbonne-universite.fr\/index.php\/wp-json\/wp\/v2\/pages\/158","targetHints":{"allow":["GET"]}}],"collection":[{"href":"https:\/\/sipr.sorbonne-universite.fr\/index.php\/wp-json\/wp\/v2\/pages"}],"about":[{"href":"https:\/\/sipr.sorbonne-universite.fr\/index.php\/wp-json\/wp\/v2\/types\/page"}],"author":[{"embeddable":true,"href":"https:\/\/sipr.sorbonne-universite.fr\/index.php\/wp-json\/wp\/v2\/users\/2"}],"replies":[{"embeddable":true,"href":"https:\/\/sipr.sorbonne-universite.fr\/index.php\/wp-json\/wp\/v2\/comments?post=158"}],"version-history":[{"count":73,"href":"https:\/\/sipr.sorbonne-universite.fr\/index.php\/wp-json\/wp\/v2\/pages\/158\/revisions"}],"predecessor-version":[{"id":1994,"href":"https:\/\/sipr.sorbonne-universite.fr\/index.php\/wp-json\/wp\/v2\/pages\/158\/revisions\/1994"}],"wp:attachment":[{"href":"https:\/\/sipr.sorbonne-universite.fr\/index.php\/wp-json\/wp\/v2\/media?parent=158"}],"curies":[{"name":"wp","href":"https:\/\/api.w.org\/{rel}","templated":true}]}}